{"id":941,"date":"2017-11-17T20:25:34","date_gmt":"2017-11-17T19:25:34","guid":{"rendered":"https:\/\/www.barttimmers.nl\/?page_id=941"},"modified":"2017-11-18T20:26:26","modified_gmt":"2017-11-18T19:26:26","slug":"de-staat-2017","status":"publish","type":"page","link":"https:\/\/www.barttimmers.nl\/?page_id=941","title":{"rendered":"De Staat 2017"},"content":{"rendered":"<h1>De Staat In The Round, Vasim, Nijmegen, 17 november 2017<\/h1>\n<p><img loading=\"lazy\" decoding=\"async\" class=\"size-medium wp-image-939 alignleft\" src=\"https:\/\/www.barttimmers.nl\/wp-content\/uploads\/2017\/11\/Schermafbeelding-2017-11-18-om-20.23.23-300x201.png\" alt=\"\" width=\"300\" height=\"201\" srcset=\"https:\/\/www.barttimmers.nl\/wp-content\/uploads\/2017\/11\/Schermafbeelding-2017-11-18-om-20.23.23-300x201.png 300w, https:\/\/www.barttimmers.nl\/wp-content\/uploads\/2017\/11\/Schermafbeelding-2017-11-18-om-20.23.23-768x514.png 768w, https:\/\/www.barttimmers.nl\/wp-content\/uploads\/2017\/11\/Schermafbeelding-2017-11-18-om-20.23.23-1024x685.png 1024w\" sizes=\"auto, (max-width: 300px) 100vw, 300px\" \/><\/p>\n<p>De Staat is een band die bekend staat om zijn eigenzinnigheid. De band maakt altijd wat hoekige muziek, en hoekig kan staan voor dwars, nors, nukkig, creatief, springerig, onverwacht, rockend en vooral leuk. Dit alles door elkaar gemengd maakt De Staat. Rock, maar dan De Staat rock. Dansbaar, speels, gek, creatief.<\/p>\n<p>Die creativiteit hebben ze nog eens uitvergroot in deze tour, De Staat in the round. Een aantal avonden achtereen in een speciaal hiervoor gebouwde tent op het Vasim-terrein in Nijmegen. Met, hoe kan het anders, een rond podium middenin die tent. Nou ja, ook vier kleine rondjes in de hoeken, waar bij \u00e9\u00e9n van de (drie?) nieuwe nummers van deze avond een deel van de band centraal blijft, terwijl de gitaar- en basecho\u2019s heen en weer stuiteren tussen de hoeken van de tent. Mooi effect.<\/p>\n<p>Tijdens voorprogramma De Likt bljft er nog een mooi gordijn rondom het centrale podium hangen. Tegen de tijd dat de Rotterdamse stuiterrapper uitgefeest is en met zijn op een miniscuul rood latex onderbroekje na naakte, getatoe\u00eberde lijf crowdsurfend de tent door is gegaan, stijgt de spanning dan ook wat er \u00e1chter dat gordijn te zien is. Dat wordt in \u00e9\u00e9n moment duidelijk als na een paar minuutjes dreigende klanken het gordijn ineens neervalt en de band, naar binnen gericht op het podium, Round begint te spelen. Introvert is niet bepaald het juiste woord, want de sfeer is meteen redelijk extatisch, maar laten we het introspectief noemen. Meteen hierna wordt duidelijk dat Torre Florim met name, maar toch ook de rest van de band er zin in heeft, want de blik wordt letterlijk naar buiten gericht, het podium begint te draaien en de band speelt met aanstekelijk enthousiasme maar professionele strakheid in rap tempo toppers als Peptalk, Sweatshop, Make the call, leave it all, Input source select, Make way for the passenger. Witch doctor uiteraard, in de toegift (met de inmiddels onvermijdelijke publieke draaikolk). De kwaliteit is sowieso al hoog, maar het festijn wordt nog lekkerder door de inzet van een tweede drummer, gastvocaliste Luwten en aan het eind nog even de hulp van de crew van De Likt. \u00c9n door de inzet van mooie lichteffecten, bewegende TL-balken. \u00c9n door de inzet van de eigen mobiele telefoon, waarbij halverwege het optreden het door Torre Florim\u2019s gefilmde telefoonbeeld, live op je eigen telefoon wordt uitgezonden. Een heel grappig effect trouwens.<\/p>\n<p>Creativiteit dus niet alleen in De Staat\u2019s composities, maar ook in de uitvoering en de manier waarop de show is vormgegeven. Het slotnummer, ook een nieuwe song, breed uitgesponnen, belooft veel voor de aangekondigde nieuwe plaat waar aan gewerkt gaat worden.<\/p>\n<p>Het was voor mij een familie-uitje, met zoons Martijn en Luc, beiden heel enthousiast, net als Charlotte en Julien die ook mee waren. \u00a0Ik heb Luc, voor wie het zijn tweede concert in 1,5 week was (nee, in zijn hele leven!), wel moeten uitleggen dat dit bepaald niet het gemiddelde is wat je bij concerten kunt verwachten. Dit was topkwaliteit!<\/p>\n<p>&nbsp;<\/p>\n","protected":false},"excerpt":{"rendered":"<p>De Staat In The Round, Vasim, Nijmegen, 17 november 2017 De Staat is een band die bekend staat om zijn eigenzinnigheid. De band maakt altijd wat hoekige muziek, en hoekig kan staan voor dwars, nors, nukkig, creatief, springerig, onverwacht, rockend en vooral leuk. Dit alles door elkaar gemengd maakt De Staat. Rock, maar dan De&hellip;&nbsp;<a href=\"https:\/\/www.barttimmers.nl\/?page_id=941\" rel=\"bookmark\">Lees verder &raquo;<span class=\"screen-reader-text\">De Staat 2017<\/span><\/a><\/p>\n","protected":false},"author":1,"featured_media":0,"parent":0,"menu_order":0,"comment_status":"closed","ping_status":"closed","template":"","meta":{"neve_meta_sidebar":"","neve_meta_container":"","neve_meta_enable_content_width":"","neve_meta_content_width":0,"neve_meta_title_alignment":"","neve_meta_author_avatar":"","neve_post_elements_order":"","neve_meta_disable_header":"","neve_meta_disable_footer":"","neve_meta_disable_title":"","_themeisle_gutenberg_block_has_review":false,"footnotes":""},"class_list":["post-941","page","type-page","status-publish","hentry"],"yoast_head":"<!-- This site is optimized with the Yoast SEO plugin v27.5 - https:\/\/yoast.com\/product\/yoast-seo-wordpress\/ -->\n<title>De Staat 2017 - Muziek en meer<\/title>\n<meta name=\"robots\" content=\"index, follow, max-snippet:-1, max-image-preview:large, max-video-preview:-1\" \/>\n<link rel=\"canonical\" href=\"https:\/\/www.barttimmers.nl\/?page_id=941\" \/>\n<meta property=\"og:locale\" content=\"nl_NL\" \/>\n<meta property=\"og:type\" content=\"article\" \/>\n<meta property=\"og:title\" content=\"De Staat 2017 - Muziek en meer\" \/>\n<meta property=\"og:description\" content=\"De Staat In The Round, Vasim, Nijmegen, 17 november 2017 De Staat is een band die bekend staat om zijn eigenzinnigheid. De band maakt altijd wat hoekige muziek, en hoekig kan staan voor dwars, nors, nukkig, creatief, springerig, onverwacht, rockend en vooral leuk. Dit alles door elkaar gemengd maakt De Staat. Rock, maar dan De&hellip;&nbsp;Lees verder &raquo;De Staat 2017\" \/>\n<meta property=\"og:url\" content=\"https:\/\/www.barttimmers.nl\/?page_id=941\" \/>\n<meta property=\"og:site_name\" content=\"Muziek en meer\" \/>\n<meta property=\"article:modified_time\" content=\"2017-11-18T19:26:26+00:00\" \/>\n<meta property=\"og:image\" content=\"https:\/\/www.barttimmers.nl\/wp-content\/uploads\/2017\/11\/Schermafbeelding-2017-11-18-om-20.23.23-300x201.png\" \/>\n<meta name=\"twitter:card\" content=\"summary_large_image\" \/>\n<meta name=\"twitter:label1\" content=\"Geschatte leestijd\" \/>\n\t<meta name=\"twitter:data1\" content=\"3 minuten\" \/>\n<script type=\"application\/ld+json\" class=\"yoast-schema-graph\">{\"@context\":\"https:\\\/\\\/schema.org\",\"@graph\":[{\"@type\":\"WebPage\",\"@id\":\"https:\\\/\\\/www.barttimmers.nl\\\/?page_id=941\",\"url\":\"https:\\\/\\\/www.barttimmers.nl\\\/?page_id=941\",\"name\":\"De Staat 2017 - Muziek en meer\",\"isPartOf\":{\"@id\":\"https:\\\/\\\/www.barttimmers.nl\\\/#website\"},\"primaryImageOfPage\":{\"@id\":\"https:\\\/\\\/www.barttimmers.nl\\\/?page_id=941#primaryimage\"},\"image\":{\"@id\":\"https:\\\/\\\/www.barttimmers.nl\\\/?page_id=941#primaryimage\"},\"thumbnailUrl\":\"https:\\\/\\\/www.barttimmers.nl\\\/wp-content\\\/uploads\\\/2017\\\/11\\\/Schermafbeelding-2017-11-18-om-20.23.23-300x201.png\",\"datePublished\":\"2017-11-17T19:25:34+00:00\",\"dateModified\":\"2017-11-18T19:26:26+00:00\",\"breadcrumb\":{\"@id\":\"https:\\\/\\\/www.barttimmers.nl\\\/?page_id=941#breadcrumb\"},\"inLanguage\":\"nl-NL\",\"potentialAction\":[{\"@type\":\"ReadAction\",\"target\":[\"https:\\\/\\\/www.barttimmers.nl\\\/?page_id=941\"]}]},{\"@type\":\"ImageObject\",\"inLanguage\":\"nl-NL\",\"@id\":\"https:\\\/\\\/www.barttimmers.nl\\\/?page_id=941#primaryimage\",\"url\":\"https:\\\/\\\/www.barttimmers.nl\\\/wp-content\\\/uploads\\\/2017\\\/11\\\/Schermafbeelding-2017-11-18-om-20.23.23.png\",\"contentUrl\":\"https:\\\/\\\/www.barttimmers.nl\\\/wp-content\\\/uploads\\\/2017\\\/11\\\/Schermafbeelding-2017-11-18-om-20.23.23.png\",\"width\":2704,\"height\":1808},{\"@type\":\"BreadcrumbList\",\"@id\":\"https:\\\/\\\/www.barttimmers.nl\\\/?page_id=941#breadcrumb\",\"itemListElement\":[{\"@type\":\"ListItem\",\"position\":1,\"name\":\"Home\",\"item\":\"https:\\\/\\\/www.barttimmers.nl\\\/\"},{\"@type\":\"ListItem\",\"position\":2,\"name\":\"De Staat 2017\"}]},{\"@type\":\"WebSite\",\"@id\":\"https:\\\/\\\/www.barttimmers.nl\\\/#website\",\"url\":\"https:\\\/\\\/www.barttimmers.nl\\\/\",\"name\":\"Muziek en meer\",\"description\":\"Get into the groove.... Bart wil iets delen\",\"potentialAction\":[{\"@type\":\"SearchAction\",\"target\":{\"@type\":\"EntryPoint\",\"urlTemplate\":\"https:\\\/\\\/www.barttimmers.nl\\\/?s={search_term_string}\"},\"query-input\":{\"@type\":\"PropertyValueSpecification\",\"valueRequired\":true,\"valueName\":\"search_term_string\"}}],\"inLanguage\":\"nl-NL\"}]}<\/script>\n<!-- \/ Yoast SEO plugin. -->","yoast_head_json":{"title":"De Staat 2017 - Muziek en meer","robots":{"index":"index","follow":"follow","max-snippet":"max-snippet:-1","max-image-preview":"max-image-preview:large","max-video-preview":"max-video-preview:-1"},"canonical":"https:\/\/www.barttimmers.nl\/?page_id=941","og_locale":"nl_NL","og_type":"article","og_title":"De Staat 2017 - Muziek en meer","og_description":"De Staat In The Round, Vasim, Nijmegen, 17 november 2017 De Staat is een band die bekend staat om zijn eigenzinnigheid. De band maakt altijd wat hoekige muziek, en hoekig kan staan voor dwars, nors, nukkig, creatief, springerig, onverwacht, rockend en vooral leuk. Dit alles door elkaar gemengd maakt De Staat. Rock, maar dan De&hellip;&nbsp;Lees verder &raquo;De Staat 2017","og_url":"https:\/\/www.barttimmers.nl\/?page_id=941","og_site_name":"Muziek en meer","article_modified_time":"2017-11-18T19:26:26+00:00","og_image":[{"url":"https:\/\/www.barttimmers.nl\/wp-content\/uploads\/2017\/11\/Schermafbeelding-2017-11-18-om-20.23.23-300x201.png","type":"","width":"","height":""}],"twitter_card":"summary_large_image","twitter_misc":{"Geschatte leestijd":"3 minuten"},"schema":{"@context":"https:\/\/schema.org","@graph":[{"@type":"WebPage","@id":"https:\/\/www.barttimmers.nl\/?page_id=941","url":"https:\/\/www.barttimmers.nl\/?page_id=941","name":"De Staat 2017 - Muziek en meer","isPartOf":{"@id":"https:\/\/www.barttimmers.nl\/#website"},"primaryImageOfPage":{"@id":"https:\/\/www.barttimmers.nl\/?page_id=941#primaryimage"},"image":{"@id":"https:\/\/www.barttimmers.nl\/?page_id=941#primaryimage"},"thumbnailUrl":"https:\/\/www.barttimmers.nl\/wp-content\/uploads\/2017\/11\/Schermafbeelding-2017-11-18-om-20.23.23-300x201.png","datePublished":"2017-11-17T19:25:34+00:00","dateModified":"2017-11-18T19:26:26+00:00","breadcrumb":{"@id":"https:\/\/www.barttimmers.nl\/?page_id=941#breadcrumb"},"inLanguage":"nl-NL","potentialAction":[{"@type":"ReadAction","target":["https:\/\/www.barttimmers.nl\/?page_id=941"]}]},{"@type":"ImageObject","inLanguage":"nl-NL","@id":"https:\/\/www.barttimmers.nl\/?page_id=941#primaryimage","url":"https:\/\/www.barttimmers.nl\/wp-content\/uploads\/2017\/11\/Schermafbeelding-2017-11-18-om-20.23.23.png","contentUrl":"https:\/\/www.barttimmers.nl\/wp-content\/uploads\/2017\/11\/Schermafbeelding-2017-11-18-om-20.23.23.png","width":2704,"height":1808},{"@type":"BreadcrumbList","@id":"https:\/\/www.barttimmers.nl\/?page_id=941#breadcrumb","itemListElement":[{"@type":"ListItem","position":1,"name":"Home","item":"https:\/\/www.barttimmers.nl\/"},{"@type":"ListItem","position":2,"name":"De Staat 2017"}]},{"@type":"WebSite","@id":"https:\/\/www.barttimmers.nl\/#website","url":"https:\/\/www.barttimmers.nl\/","name":"Muziek en meer","description":"Get into the groove.... Bart wil iets delen","potentialAction":[{"@type":"SearchAction","target":{"@type":"EntryPoint","urlTemplate":"https:\/\/www.barttimmers.nl\/?s={search_term_string}"},"query-input":{"@type":"PropertyValueSpecification","valueRequired":true,"valueName":"search_term_string"}}],"inLanguage":"nl-NL"}]}},"_links":{"self":[{"href":"https:\/\/www.barttimmers.nl\/index.php?rest_route=\/wp\/v2\/pages\/941","targetHints":{"allow":["GET"]}}],"collection":[{"href":"https:\/\/www.barttimmers.nl\/index.php?rest_route=\/wp\/v2\/pages"}],"about":[{"href":"https:\/\/www.barttimmers.nl\/index.php?rest_route=\/wp\/v2\/types\/page"}],"author":[{"embeddable":true,"href":"https:\/\/www.barttimmers.nl\/index.php?rest_route=\/wp\/v2\/users\/1"}],"replies":[{"embeddable":true,"href":"https:\/\/www.barttimmers.nl\/index.php?rest_route=%2Fwp%2Fv2%2Fcomments&post=941"}],"version-history":[{"count":1,"href":"https:\/\/www.barttimmers.nl\/index.php?rest_route=\/wp\/v2\/pages\/941\/revisions"}],"predecessor-version":[{"id":943,"href":"https:\/\/www.barttimmers.nl\/index.php?rest_route=\/wp\/v2\/pages\/941\/revisions\/943"}],"wp:attachment":[{"href":"https:\/\/www.barttimmers.nl\/index.php?rest_route=%2Fwp%2Fv2%2Fmedia&parent=941"}],"curies":[{"name":"wp","href":"https:\/\/api.w.org\/{rel}","templated":true}]}}