{"id":526,"date":"2017-05-03T23:43:52","date_gmt":"2017-05-03T22:43:52","guid":{"rendered":"https:\/\/www.barttimmers.nl\/?page_id=526"},"modified":"2017-05-03T23:43:52","modified_gmt":"2017-05-03T22:43:52","slug":"george-clintonparliamentfunkadelic-2017","status":"publish","type":"page","link":"https:\/\/www.barttimmers.nl\/?page_id=526","title":{"rendered":"George Clinton\/Parliament\/Funkadelic 2017"},"content":{"rendered":"<h1>George Clinton, Parliament en Funkadelic, Doornroosje Nijmegen, 3 mei 2017<\/h1>\n<p><img loading=\"lazy\" decoding=\"async\" class=\"size-medium wp-image-527 alignleft\" src=\"https:\/\/www.barttimmers.nl\/wp-content\/uploads\/2017\/05\/IMG_0237-300x225.jpg\" alt=\"\" width=\"300\" height=\"225\" srcset=\"https:\/\/www.barttimmers.nl\/wp-content\/uploads\/2017\/05\/IMG_0237-300x225.jpg 300w, https:\/\/www.barttimmers.nl\/wp-content\/uploads\/2017\/05\/IMG_0237-768x576.jpg 768w, https:\/\/www.barttimmers.nl\/wp-content\/uploads\/2017\/05\/IMG_0237-1024x768.jpg 1024w\" sizes=\"auto, (max-width: 300px) 100vw, 300px\" \/>Vanaf minuut 1 is het knallen, met 21 man op het podium. Althans, dat hoorde ik achteraf, want ik kwam een paar minuten te laat binnen. Maar ik geloof het zo, want ik telde 5 achtergrondzangeressen, 6 gitaristen, 8 blazers, 4 bassisten, 3 drummers, 5 toetsenisten, 12 dansers, 4 vliegende schotels en een 76-jarige grote beer: George Clinton! Ik kan me wat verteld hebben en dat van die vliegende schotels weet ik niet helemaal meer zeker, maar het was wel een grote, dampende massa feest daar op het podium van Doornroosje en het klonk wel als deze aantallen.<\/p>\n<p>Dat grote feest, daar moest je je ook wel aan overgeven. De P-funk van Parliament en Funkadelic bestaat eigenlijk uit \u00e9\u00e9n grote jam, meer dan uit losse nummers. In die jam gebeurt van alles, er wordt op gitaar gesoleerd, op sax, er wordt gecroond door de achtergrondzangeressen, er wordt gedanst door buitenissig verklede sprookjesfiguren, er wordt opzwepend gerapt, gezwaaid, gezongen, gesprongen, het is kortom \u00e9\u00e9n grote muzikale feest-bende waar je wel door gepakt m\u00f3et worden. Stilstaan is onmogelijk. Ergens middenin ineens een minutenlange gitaarsolo die zo in een hardrock-act had gepast: Maggot brain. Vlak daarna een modern klinkende massale rap gevolgd door een soort metal-jazz. Even schiet het alle kanten uit om toch weer terug te komen in de klassieke P-funk. George Clinton zelf loopt vrolijk rond, zwaait, trekt bekken, beziet breed lachend zijn gevolg die het leeuwendeel van het werken deze avond uitvoeren. Af en toe bekijkt hij het allemaal eens rustig op zijn stoeltje, geplaatst voor de drummer, terwijl de rest van de band om hem heen stuitert en springt. Maar hij blijft enthousiast en zweept regelmatig de zaal op die net zo enthousiast op hem reageert.<\/p>\n<p>De kans dat dit de laatste keer was om dit fenomeen, de leermeester van Snoop Dogg en veel andere rappers, nog in levenden lijve te zien, is groot. Maar we hopen natuurlijk dat hij nog een tijdje mag blijven inspireren\u00a0 en spetteren op het podium, want dit was wel een heerlijk feestje om mee te maken. Ik kan natuurlijk alleen maar afsluiten met het credo van mr. Clinton zelf: Free your mind, and your ass will follow!<\/p>\n<div style=\"width: 640px;\" class=\"wp-video\"><video class=\"wp-video-shortcode\" id=\"video-526-1\" width=\"640\" height=\"360\" preload=\"metadata\" controls=\"controls\"><source type=\"video\/mp4\" src=\"https:\/\/www.barttimmers.nl\/wp-content\/uploads\/2017\/05\/IMG_0243.m4v?_=1\" \/><a href=\"https:\/\/www.barttimmers.nl\/wp-content\/uploads\/2017\/05\/IMG_0243.m4v\">https:\/\/www.barttimmers.nl\/wp-content\/uploads\/2017\/05\/IMG_0243.m4v<\/a><\/video><\/div>\n<div style=\"width: 360px;\" class=\"wp-video\"><video class=\"wp-video-shortcode\" id=\"video-526-2\" width=\"360\" height=\"640\" preload=\"metadata\" controls=\"controls\"><source type=\"video\/mp4\" src=\"https:\/\/www.barttimmers.nl\/wp-content\/uploads\/2017\/05\/IMG_0244.m4v?_=2\" \/><a href=\"https:\/\/www.barttimmers.nl\/wp-content\/uploads\/2017\/05\/IMG_0244.m4v\">https:\/\/www.barttimmers.nl\/wp-content\/uploads\/2017\/05\/IMG_0244.m4v<\/a><\/video><\/div>\n","protected":false},"excerpt":{"rendered":"<p>George Clinton, Parliament en Funkadelic, Doornroosje Nijmegen, 3 mei 2017 Vanaf minuut 1 is het knallen, met 21 man op het podium. Althans, dat hoorde ik achteraf, want ik kwam een paar minuten te laat binnen. Maar ik geloof het zo, want ik telde 5 achtergrondzangeressen, 6 gitaristen, 8 blazers, 4 bassisten, 3 drummers, 5&hellip;&nbsp;<a href=\"https:\/\/www.barttimmers.nl\/?page_id=526\" rel=\"bookmark\">Lees verder &raquo;<span class=\"screen-reader-text\">George Clinton\/Parliament\/Funkadelic 2017<\/span><\/a><\/p>\n","protected":false},"author":1,"featured_media":0,"parent":0,"menu_order":0,"comment_status":"closed","ping_status":"closed","template":"","meta":{"neve_meta_sidebar":"","neve_meta_container":"","neve_meta_enable_content_width":"","neve_meta_content_width":0,"neve_meta_title_alignment":"","neve_meta_author_avatar":"","neve_post_elements_order":"","neve_meta_disable_header":"","neve_meta_disable_footer":"","neve_meta_disable_title":"","_themeisle_gutenberg_block_has_review":false,"footnotes":""},"class_list":["post-526","page","type-page","status-publish","hentry"],"yoast_head":"<!-- This site is optimized with the Yoast SEO plugin v27.5 - https:\/\/yoast.com\/product\/yoast-seo-wordpress\/ -->\n<title>George Clinton\/Parliament\/Funkadelic 2017 - Muziek en meer<\/title>\n<meta name=\"robots\" content=\"index, follow, max-snippet:-1, max-image-preview:large, max-video-preview:-1\" \/>\n<link rel=\"canonical\" href=\"https:\/\/www.barttimmers.nl\/?page_id=526\" \/>\n<meta property=\"og:locale\" content=\"nl_NL\" \/>\n<meta property=\"og:type\" content=\"article\" \/>\n<meta property=\"og:title\" content=\"George Clinton\/Parliament\/Funkadelic 2017 - Muziek en meer\" \/>\n<meta property=\"og:description\" content=\"George Clinton, Parliament en Funkadelic, Doornroosje Nijmegen, 3 mei 2017 Vanaf minuut 1 is het knallen, met 21 man op het podium. Althans, dat hoorde ik achteraf, want ik kwam een paar minuten te laat binnen. Maar ik geloof het zo, want ik telde 5 achtergrondzangeressen, 6 gitaristen, 8 blazers, 4 bassisten, 3 drummers, 5&hellip;&nbsp;Lees verder &raquo;George Clinton\/Parliament\/Funkadelic 2017\" \/>\n<meta property=\"og:url\" content=\"https:\/\/www.barttimmers.nl\/?page_id=526\" \/>\n<meta property=\"og:site_name\" content=\"Muziek en meer\" \/>\n<meta property=\"og:image\" content=\"https:\/\/www.barttimmers.nl\/wp-content\/uploads\/2017\/05\/IMG_0237-300x225.jpg\" \/>\n<meta name=\"twitter:card\" content=\"summary_large_image\" \/>\n<meta name=\"twitter:label1\" content=\"Geschatte leestijd\" \/>\n\t<meta name=\"twitter:data1\" content=\"2 minuten\" \/>\n<script type=\"application\/ld+json\" class=\"yoast-schema-graph\">{\"@context\":\"https:\\\/\\\/schema.org\",\"@graph\":[{\"@type\":\"WebPage\",\"@id\":\"https:\\\/\\\/www.barttimmers.nl\\\/?page_id=526\",\"url\":\"https:\\\/\\\/www.barttimmers.nl\\\/?page_id=526\",\"name\":\"George Clinton\\\/Parliament\\\/Funkadelic 2017 - Muziek en meer\",\"isPartOf\":{\"@id\":\"https:\\\/\\\/www.barttimmers.nl\\\/#website\"},\"primaryImageOfPage\":{\"@id\":\"https:\\\/\\\/www.barttimmers.nl\\\/?page_id=526#primaryimage\"},\"image\":{\"@id\":\"https:\\\/\\\/www.barttimmers.nl\\\/?page_id=526#primaryimage\"},\"thumbnailUrl\":\"https:\\\/\\\/www.barttimmers.nl\\\/wp-content\\\/uploads\\\/2017\\\/05\\\/IMG_0237-300x225.jpg\",\"datePublished\":\"2017-05-03T22:43:52+00:00\",\"breadcrumb\":{\"@id\":\"https:\\\/\\\/www.barttimmers.nl\\\/?page_id=526#breadcrumb\"},\"inLanguage\":\"nl-NL\",\"potentialAction\":[{\"@type\":\"ReadAction\",\"target\":[\"https:\\\/\\\/www.barttimmers.nl\\\/?page_id=526\"]}]},{\"@type\":\"ImageObject\",\"inLanguage\":\"nl-NL\",\"@id\":\"https:\\\/\\\/www.barttimmers.nl\\\/?page_id=526#primaryimage\",\"url\":\"https:\\\/\\\/www.barttimmers.nl\\\/wp-content\\\/uploads\\\/2017\\\/05\\\/IMG_0237.jpg\",\"contentUrl\":\"https:\\\/\\\/www.barttimmers.nl\\\/wp-content\\\/uploads\\\/2017\\\/05\\\/IMG_0237.jpg\",\"width\":4032,\"height\":3024},{\"@type\":\"BreadcrumbList\",\"@id\":\"https:\\\/\\\/www.barttimmers.nl\\\/?page_id=526#breadcrumb\",\"itemListElement\":[{\"@type\":\"ListItem\",\"position\":1,\"name\":\"Home\",\"item\":\"https:\\\/\\\/www.barttimmers.nl\\\/\"},{\"@type\":\"ListItem\",\"position\":2,\"name\":\"George Clinton\\\/Parliament\\\/Funkadelic 2017\"}]},{\"@type\":\"WebSite\",\"@id\":\"https:\\\/\\\/www.barttimmers.nl\\\/#website\",\"url\":\"https:\\\/\\\/www.barttimmers.nl\\\/\",\"name\":\"Muziek en meer\",\"description\":\"Get into the groove.... Bart wil iets delen\",\"potentialAction\":[{\"@type\":\"SearchAction\",\"target\":{\"@type\":\"EntryPoint\",\"urlTemplate\":\"https:\\\/\\\/www.barttimmers.nl\\\/?s={search_term_string}\"},\"query-input\":{\"@type\":\"PropertyValueSpecification\",\"valueRequired\":true,\"valueName\":\"search_term_string\"}}],\"inLanguage\":\"nl-NL\"}]}<\/script>\n<!-- \/ Yoast SEO plugin. -->","yoast_head_json":{"title":"George Clinton\/Parliament\/Funkadelic 2017 - Muziek en meer","robots":{"index":"index","follow":"follow","max-snippet":"max-snippet:-1","max-image-preview":"max-image-preview:large","max-video-preview":"max-video-preview:-1"},"canonical":"https:\/\/www.barttimmers.nl\/?page_id=526","og_locale":"nl_NL","og_type":"article","og_title":"George Clinton\/Parliament\/Funkadelic 2017 - Muziek en meer","og_description":"George Clinton, Parliament en Funkadelic, Doornroosje Nijmegen, 3 mei 2017 Vanaf minuut 1 is het knallen, met 21 man op het podium. Althans, dat hoorde ik achteraf, want ik kwam een paar minuten te laat binnen. Maar ik geloof het zo, want ik telde 5 achtergrondzangeressen, 6 gitaristen, 8 blazers, 4 bassisten, 3 drummers, 5&hellip;&nbsp;Lees verder &raquo;George Clinton\/Parliament\/Funkadelic 2017","og_url":"https:\/\/www.barttimmers.nl\/?page_id=526","og_site_name":"Muziek en meer","og_image":[{"url":"https:\/\/www.barttimmers.nl\/wp-content\/uploads\/2017\/05\/IMG_0237-300x225.jpg","type":"","width":"","height":""}],"twitter_card":"summary_large_image","twitter_misc":{"Geschatte leestijd":"2 minuten"},"schema":{"@context":"https:\/\/schema.org","@graph":[{"@type":"WebPage","@id":"https:\/\/www.barttimmers.nl\/?page_id=526","url":"https:\/\/www.barttimmers.nl\/?page_id=526","name":"George Clinton\/Parliament\/Funkadelic 2017 - Muziek en meer","isPartOf":{"@id":"https:\/\/www.barttimmers.nl\/#website"},"primaryImageOfPage":{"@id":"https:\/\/www.barttimmers.nl\/?page_id=526#primaryimage"},"image":{"@id":"https:\/\/www.barttimmers.nl\/?page_id=526#primaryimage"},"thumbnailUrl":"https:\/\/www.barttimmers.nl\/wp-content\/uploads\/2017\/05\/IMG_0237-300x225.jpg","datePublished":"2017-05-03T22:43:52+00:00","breadcrumb":{"@id":"https:\/\/www.barttimmers.nl\/?page_id=526#breadcrumb"},"inLanguage":"nl-NL","potentialAction":[{"@type":"ReadAction","target":["https:\/\/www.barttimmers.nl\/?page_id=526"]}]},{"@type":"ImageObject","inLanguage":"nl-NL","@id":"https:\/\/www.barttimmers.nl\/?page_id=526#primaryimage","url":"https:\/\/www.barttimmers.nl\/wp-content\/uploads\/2017\/05\/IMG_0237.jpg","contentUrl":"https:\/\/www.barttimmers.nl\/wp-content\/uploads\/2017\/05\/IMG_0237.jpg","width":4032,"height":3024},{"@type":"BreadcrumbList","@id":"https:\/\/www.barttimmers.nl\/?page_id=526#breadcrumb","itemListElement":[{"@type":"ListItem","position":1,"name":"Home","item":"https:\/\/www.barttimmers.nl\/"},{"@type":"ListItem","position":2,"name":"George Clinton\/Parliament\/Funkadelic 2017"}]},{"@type":"WebSite","@id":"https:\/\/www.barttimmers.nl\/#website","url":"https:\/\/www.barttimmers.nl\/","name":"Muziek en meer","description":"Get into the groove.... Bart wil iets delen","potentialAction":[{"@type":"SearchAction","target":{"@type":"EntryPoint","urlTemplate":"https:\/\/www.barttimmers.nl\/?s={search_term_string}"},"query-input":{"@type":"PropertyValueSpecification","valueRequired":true,"valueName":"search_term_string"}}],"inLanguage":"nl-NL"}]}},"_links":{"self":[{"href":"https:\/\/www.barttimmers.nl\/index.php?rest_route=\/wp\/v2\/pages\/526","targetHints":{"allow":["GET"]}}],"collection":[{"href":"https:\/\/www.barttimmers.nl\/index.php?rest_route=\/wp\/v2\/pages"}],"about":[{"href":"https:\/\/www.barttimmers.nl\/index.php?rest_route=\/wp\/v2\/types\/page"}],"author":[{"embeddable":true,"href":"https:\/\/www.barttimmers.nl\/index.php?rest_route=\/wp\/v2\/users\/1"}],"replies":[{"embeddable":true,"href":"https:\/\/www.barttimmers.nl\/index.php?rest_route=%2Fwp%2Fv2%2Fcomments&post=526"}],"version-history":[{"count":1,"href":"https:\/\/www.barttimmers.nl\/index.php?rest_route=\/wp\/v2\/pages\/526\/revisions"}],"predecessor-version":[{"id":531,"href":"https:\/\/www.barttimmers.nl\/index.php?rest_route=\/wp\/v2\/pages\/526\/revisions\/531"}],"wp:attachment":[{"href":"https:\/\/www.barttimmers.nl\/index.php?rest_route=%2Fwp%2Fv2%2Fmedia&parent=526"}],"curies":[{"name":"wp","href":"https:\/\/api.w.org\/{rel}","templated":true}]}}