{"id":1905,"date":"2020-10-02T09:40:15","date_gmt":"2020-10-02T08:40:15","guid":{"rendered":"https:\/\/www.barttimmers.nl\/?page_id=1905"},"modified":"2020-10-02T09:40:15","modified_gmt":"2020-10-02T08:40:15","slug":"slaap-medisch-contact-oktober-2020","status":"publish","type":"page","link":"https:\/\/www.barttimmers.nl\/?page_id=1905","title":{"rendered":"Slaap! (Medisch Contact oktober 2020)"},"content":{"rendered":"\n<div class=\"wp-block-themeisle-blocks-advanced-columns has-1-columns has-desktop-equal-layout has-tablet-equal-layout has-mobile-equal-layout has-default-gap has-vertical-unset\" id=\"wp-block-themeisle-blocks-advanced-columns-01aa69e3\"><div class=\"wp-block-themeisle-blocks-advanced-columns-overlay\"><\/div><div class=\"innerblocks-wrap\">\n<div class=\"wp-block-themeisle-blocks-advanced-column\" id=\"wp-block-themeisle-blocks-advanced-column-41af2eab\">\n<p>blog<\/p>\n\n\n\n<h1 class=\"wp-block-heading\">Slaap!\u00a0<\/h1>\n\n\n\n<p>Een van de interessantste boeken die ik de afgelopen maanden las, was&nbsp;<em>Why we sleep<\/em>&nbsp;van neurowetenschapper Matthew Walker. Overduidelijk toont hij de waarde van slaap aan, maar ook de gevolgen van tekort aan slaap. De medische wereld wordt niet bepaald gespaard, waar hij aantoont dat de vanouds stoere houding \u2018wie heeft er nou slaap nodig\u2019 aantoonbaar leidt tot meer fouten. Hoewel de individuele behoefte aan slaap sterk varieert, zorgt minder dan zes uur slapen vrijwel altijd voor een tekort aan non-REM-slaap en daarmee geheugenstoornissen. Minder dan vijf uur slapen verhoogt de kans op ongevallen met een factor 3, minder dan vier uur met een factor meer dan 10! Voor nog meer superinteressante feiten over slaap kan ik het boek van harte aanbevelen.<\/p>\n\n\n\n<h3 class=\"wp-block-heading\" id=\"Compensatie-anchor\">Compensatie<\/h3>\n\n\n\n<p>Achteloos merkte mijn aios deze week op, na een kort nachtje aansluitend op een werkdag van vijftien uur, dat ze het de dag erna toch wel moeilijker vond om zich te concentreren. Nu is het zo dat aiossen nog de mogelijkheid hebben om een dag te compenseren na een dienst, maar voor de gemiddelde praktijkhoudende huisarts is dat meestal niet weggelegd. Ik hoor u denken: maar waar een wil is, is een weg. En dat is ook vaak mijn motto. Toch kunnen we niet ontkennen dat een vol bord waar je de inhoud iets van opzij schuift, leidt tot knoeien op het tafelkleed. Met andere woorden: compenseren kan alleen als het takenpakket die ruimte ook biedt. En met huisartstekorten, extra coronadiensten, GGD\u2019s die inmiddels hun werk niet meer aan kunnen, ggz-instellingen die wachttijden van een halfjaar kennen, specialisten die de verantwoordelijkheid na ontslag versneld bij de huisarts neerleggen, wachttijden voor ouderenzorg, jeugdzorg en vele andere problemen die uiteindelijk toch druk op de praktijk veroorzaken, zie ik die ruimte voorlopig nog niet. Aan de bak dus maar, onder het motto: niet lullen maar poetsen<em>. Wir schaffen das!<\/em><\/p>\n\n\n\n<h3 class=\"wp-block-heading\" id=\"Schaffen-anchor\">Schaffen<\/h3>\n\n\n\n<p>Nou schaffen wir das nicht meer als we de druk maar op blijven voeren. En met name die slaap is wel een dingetje. Een goedkoper en effectiever preventief middel ken ik eigenlijk niet. Met de kennis van Matthew Walker kan ik het alleen maar m\u00e9\u00e9r aanraden! We zullen niet de enige beroepsgroep zijn die lijden onder stress en slaapgebrek, maar we zouden als dokters eigenlijk beter moeten weten. Recentelijk gingen in onze regio stemmen op om de avonddienst een halfuur later te laten beginnen en een halfuur later te laten eindigen. Daar zijn uiteraard goede redenen voor, maar de consequentie is heel concreet dat de hoeveelheid slaap tussen een nog wat uitgerektere dag van zestien uur en de volgende dagdienst, een half uur korter wordt. Richting die vier of vijf uur, met die meer dan tienmaal verhoogde kans op ongevallen. Moeten we dat onze pati\u00ebnten aandoen?&nbsp;<\/p>\n\n\n\n<h3 class=\"wp-block-heading\" id=\"Superhelden-anchor\">Superhelden<\/h3>\n\n\n\n<p>Nat\u00fa\u00farlijk zijn we superhelden. Nat\u00fa\u00farlijk kunnen w\u00edj dat allemaal wel aan. Nat\u00fa\u00farlijk poetsen we liever dan dat we lullen. Nat\u00fa\u00farlijk schaffen wir das ook wel wieder. Terwijl ik ondertussen een ouwe kraker op zet, van Warren Zevon (<em>I\u2019ll sleep when I\u2019m dead<\/em>), pak ik Matthew Walker\u2019s&nbsp;<em>Why we sleep<\/em>&nbsp;er nog maar eens bij. Slaap meer, en lees dat boek!&nbsp;<\/p>\n<\/div>\n<\/div><\/div>\n\n\n\n<p>Originele pagina:<\/p>\n\n\n\n<p><a href=\"https:\/\/www.medischcontact.nl\/opinie\/blogs-columns\/blog\/slaap-2.htm\">https:\/\/www.medischcontact.nl\/opinie\/blogs-columns\/blog\/slaap-2.htm<\/a><\/p>\n","protected":false},"excerpt":{"rendered":"<p>Originele pagina: https:\/\/www.medischcontact.nl\/opinie\/blogs-columns\/blog\/slaap-2.htm<\/p>\n","protected":false},"author":1,"featured_media":0,"parent":0,"menu_order":0,"comment_status":"closed","ping_status":"closed","template":"","meta":{"neve_meta_sidebar":"","neve_meta_container":"","neve_meta_enable_content_width":"","neve_meta_content_width":0,"neve_meta_title_alignment":"","neve_meta_author_avatar":"","neve_post_elements_order":"","neve_meta_disable_header":"","neve_meta_disable_footer":"","neve_meta_disable_title":"","_themeisle_gutenberg_block_has_review":false,"footnotes":""},"class_list":["post-1905","page","type-page","status-publish","hentry"],"yoast_head":"<!-- This site is optimized with the Yoast SEO plugin v27.5 - https:\/\/yoast.com\/product\/yoast-seo-wordpress\/ -->\n<title>Slaap! (Medisch Contact oktober 2020) - Muziek en meer<\/title>\n<meta name=\"robots\" content=\"index, follow, max-snippet:-1, max-image-preview:large, max-video-preview:-1\" \/>\n<link rel=\"canonical\" href=\"https:\/\/www.barttimmers.nl\/?page_id=1905\" \/>\n<meta property=\"og:locale\" content=\"nl_NL\" \/>\n<meta property=\"og:type\" content=\"article\" \/>\n<meta property=\"og:title\" content=\"Slaap! (Medisch Contact oktober 2020) - Muziek en meer\" \/>\n<meta property=\"og:description\" content=\"Originele pagina: https:\/\/www.medischcontact.nl\/opinie\/blogs-columns\/blog\/slaap-2.htm\" \/>\n<meta property=\"og:url\" content=\"https:\/\/www.barttimmers.nl\/?page_id=1905\" \/>\n<meta property=\"og:site_name\" content=\"Muziek en meer\" \/>\n<meta name=\"twitter:card\" content=\"summary_large_image\" \/>\n<meta name=\"twitter:label1\" content=\"Geschatte leestijd\" \/>\n\t<meta name=\"twitter:data1\" content=\"3 minuten\" \/>\n<script type=\"application\/ld+json\" class=\"yoast-schema-graph\">{\"@context\":\"https:\\\/\\\/schema.org\",\"@graph\":[{\"@type\":\"WebPage\",\"@id\":\"https:\\\/\\\/www.barttimmers.nl\\\/?page_id=1905\",\"url\":\"https:\\\/\\\/www.barttimmers.nl\\\/?page_id=1905\",\"name\":\"Slaap! (Medisch Contact oktober 2020) - Muziek en meer\",\"isPartOf\":{\"@id\":\"https:\\\/\\\/www.barttimmers.nl\\\/#website\"},\"datePublished\":\"2020-10-02T08:40:15+00:00\",\"breadcrumb\":{\"@id\":\"https:\\\/\\\/www.barttimmers.nl\\\/?page_id=1905#breadcrumb\"},\"inLanguage\":\"nl-NL\",\"potentialAction\":[{\"@type\":\"ReadAction\",\"target\":[\"https:\\\/\\\/www.barttimmers.nl\\\/?page_id=1905\"]}]},{\"@type\":\"BreadcrumbList\",\"@id\":\"https:\\\/\\\/www.barttimmers.nl\\\/?page_id=1905#breadcrumb\",\"itemListElement\":[{\"@type\":\"ListItem\",\"position\":1,\"name\":\"Home\",\"item\":\"https:\\\/\\\/www.barttimmers.nl\\\/\"},{\"@type\":\"ListItem\",\"position\":2,\"name\":\"Slaap! (Medisch Contact oktober 2020)\"}]},{\"@type\":\"WebSite\",\"@id\":\"https:\\\/\\\/www.barttimmers.nl\\\/#website\",\"url\":\"https:\\\/\\\/www.barttimmers.nl\\\/\",\"name\":\"Muziek en meer\",\"description\":\"Get into the groove.... Bart wil iets delen\",\"potentialAction\":[{\"@type\":\"SearchAction\",\"target\":{\"@type\":\"EntryPoint\",\"urlTemplate\":\"https:\\\/\\\/www.barttimmers.nl\\\/?s={search_term_string}\"},\"query-input\":{\"@type\":\"PropertyValueSpecification\",\"valueRequired\":true,\"valueName\":\"search_term_string\"}}],\"inLanguage\":\"nl-NL\"}]}<\/script>\n<!-- \/ Yoast SEO plugin. -->","yoast_head_json":{"title":"Slaap! (Medisch Contact oktober 2020) - Muziek en meer","robots":{"index":"index","follow":"follow","max-snippet":"max-snippet:-1","max-image-preview":"max-image-preview:large","max-video-preview":"max-video-preview:-1"},"canonical":"https:\/\/www.barttimmers.nl\/?page_id=1905","og_locale":"nl_NL","og_type":"article","og_title":"Slaap! (Medisch Contact oktober 2020) - Muziek en meer","og_description":"Originele pagina: https:\/\/www.medischcontact.nl\/opinie\/blogs-columns\/blog\/slaap-2.htm","og_url":"https:\/\/www.barttimmers.nl\/?page_id=1905","og_site_name":"Muziek en meer","twitter_card":"summary_large_image","twitter_misc":{"Geschatte leestijd":"3 minuten"},"schema":{"@context":"https:\/\/schema.org","@graph":[{"@type":"WebPage","@id":"https:\/\/www.barttimmers.nl\/?page_id=1905","url":"https:\/\/www.barttimmers.nl\/?page_id=1905","name":"Slaap! (Medisch Contact oktober 2020) - Muziek en meer","isPartOf":{"@id":"https:\/\/www.barttimmers.nl\/#website"},"datePublished":"2020-10-02T08:40:15+00:00","breadcrumb":{"@id":"https:\/\/www.barttimmers.nl\/?page_id=1905#breadcrumb"},"inLanguage":"nl-NL","potentialAction":[{"@type":"ReadAction","target":["https:\/\/www.barttimmers.nl\/?page_id=1905"]}]},{"@type":"BreadcrumbList","@id":"https:\/\/www.barttimmers.nl\/?page_id=1905#breadcrumb","itemListElement":[{"@type":"ListItem","position":1,"name":"Home","item":"https:\/\/www.barttimmers.nl\/"},{"@type":"ListItem","position":2,"name":"Slaap! (Medisch Contact oktober 2020)"}]},{"@type":"WebSite","@id":"https:\/\/www.barttimmers.nl\/#website","url":"https:\/\/www.barttimmers.nl\/","name":"Muziek en meer","description":"Get into the groove.... Bart wil iets delen","potentialAction":[{"@type":"SearchAction","target":{"@type":"EntryPoint","urlTemplate":"https:\/\/www.barttimmers.nl\/?s={search_term_string}"},"query-input":{"@type":"PropertyValueSpecification","valueRequired":true,"valueName":"search_term_string"}}],"inLanguage":"nl-NL"}]}},"_links":{"self":[{"href":"https:\/\/www.barttimmers.nl\/index.php?rest_route=\/wp\/v2\/pages\/1905","targetHints":{"allow":["GET"]}}],"collection":[{"href":"https:\/\/www.barttimmers.nl\/index.php?rest_route=\/wp\/v2\/pages"}],"about":[{"href":"https:\/\/www.barttimmers.nl\/index.php?rest_route=\/wp\/v2\/types\/page"}],"author":[{"embeddable":true,"href":"https:\/\/www.barttimmers.nl\/index.php?rest_route=\/wp\/v2\/users\/1"}],"replies":[{"embeddable":true,"href":"https:\/\/www.barttimmers.nl\/index.php?rest_route=%2Fwp%2Fv2%2Fcomments&post=1905"}],"version-history":[{"count":1,"href":"https:\/\/www.barttimmers.nl\/index.php?rest_route=\/wp\/v2\/pages\/1905\/revisions"}],"predecessor-version":[{"id":1907,"href":"https:\/\/www.barttimmers.nl\/index.php?rest_route=\/wp\/v2\/pages\/1905\/revisions\/1907"}],"wp:attachment":[{"href":"https:\/\/www.barttimmers.nl\/index.php?rest_route=%2Fwp%2Fv2%2Fmedia&parent=1905"}],"curies":[{"name":"wp","href":"https:\/\/api.w.org\/{rel}","templated":true}]}}