{"id":1812,"date":"2020-05-06T08:36:00","date_gmt":"2020-05-06T07:36:00","guid":{"rendered":"https:\/\/www.barttimmers.nl\/?page_id=1812"},"modified":"2020-05-10T08:37:04","modified_gmt":"2020-05-10T07:37:04","slug":"blog-icthealth-mei-2020","status":"publish","type":"page","link":"https:\/\/www.barttimmers.nl\/?page_id=1812","title":{"rendered":"Blog ICT&#038;Health Mei 2020"},"content":{"rendered":"\n<div class=\"wp-block-themeisle-blocks-advanced-columns has-1-columns has-desktop-equal-layout has-tablet-equal-layout has-mobile-equal-layout has-default-gap has-vertical-unset\" id=\"wp-block-themeisle-blocks-advanced-columns-3dc3d6f8\" style=\"border-width:0px;border-style:solid;border-color:#000000;border-radius:0px;justify-content:unset\"><div class=\"wp-themeisle-block-overlay\" style=\"opacity:0.5;mix-blend-mode:normal\"><\/div><div class=\"innerblocks-wrap\">\n<div class=\"wp-block-themeisle-blocks-advanced-column\" id=\"wp-block-themeisle-blocks-advanced-column-0fd8fa6e\" style=\"border-width:0px;border-style:solid;border-color:#000000;border-radius:0px\">\n<h1 class=\"wp-block-heading\">DIGITAAL VAARDIG? HIEP HIEP VOOR DE BIEB!<\/h1>\n\n\n\n<p>Herkent u dit? Dat je een boek dat op de plank uitsteekt even terugduwt zodat alles weer netjes recht staat. Dat je de gewichten in het rek bij de sportschool terugzet, maar meteen die er naast ook even recht zet. Dat je een schilderij dat scheef hangt even in de goede positie brengt. Zo niet, dan heeft u vast een ander, eveneens onschuldig, neurotisch trekje. Zo wel, dan kunt u ook niet tegen ongelijkheid.&nbsp;<\/p>\n\n\n\n<figure class=\"wp-block-image\"><img decoding=\"async\" src=\"https:\/\/www.icthealth.nl\/wp-content\/uploads\/2020\/05\/Senioren-tablet-digitaal-570x360.jpg\" alt=\"Digitaal vaardig? Hiep hiep voor de bieb!\"\/><\/figure>\n\n\n\n<p>Nou is deze relatief milde vorm van niet tegen ongelijkheid kunnen er eentje die zich in het brein bevindt, maar er is er ook eentje die zich in het hart bevindt. En dat voel je als er sprake is van ongelijke k\u00e1nsen. Ik denk trouwens dat dat g\u00e9\u00e9n neurotisch trekje is, maar eentje die diep verankerd is in ons menselijk bestaan.&nbsp;<\/p>\n\n\n\n<p>Ongelijke kansen zijn er altijd geweest in onze maatschappij en zullen ook altijd blijven bestaan. Maar waar we ze zien zouden we ons best kunnen doen om de randjes minder scherp te maken. Op het moment zie ik veel ongelijkheid. In deze corona-tijden heb je bijvoorbeeld een stuk minder te klagen als je middenin het groen woont met een grote tuin, dan wanneer je met vier kinderen op een gehorig flatje middenin een grote stad woont. Aan die ongelijkheid kan ik weinig doen. Nou ja, wie in mijn achtertuin wil kamperen is welkom, vooruit.<\/p>\n\n\n\n<h2 class=\"wp-block-heading\">WEL OF NIET DIGITAAL VAARDIG<\/h2>\n\n\n\n<p>Een andere ongelijkheid die op het moment veel groter geworden, heeft te maken met&nbsp;<a href=\"https:\/\/www.icthealth.nl\/nieuws\/versterken-digitale-vaardigheden-nu-belangrijker-dan-ooit\/\" target=\"_blank\" rel=\"noreferrer noopener\">digitale vaardigheid<\/a>. Want wie w\u00e9l digitaal vaardig is, vindt zijn weg wel in deze intelligente lockdown-tijd. Die bestelt zijn spullen online, die chat en beeldbelt, die mailt, skypet, hangout, teamt, zoomt, die vindt zijn informatie wel. Maar wie n\u00edet digitaal vaardig is, die zit pas \u00e9cht opgesloten.<\/p>\n\n\n\n<p>Ik merkte dat al eerder in mijn eigen&nbsp;<a href=\"https:\/\/groepspraktijkhuisartsen.praktijkinfo.nl\/medewerkers\/\" target=\"_blank\" rel=\"noreferrer noopener\">huisartsenpraktijk<\/a>. Steeds meer mensen weten de digitale weg naar de dokter te vinden, maar er blijft een nog redelijk grote groep achter. Eind vorig jaar had ik daarover al contact met onze lokale bibliotheek en welzijnsorganisatie, resulterend in een gezamenlijke workshop. Ik was blij verrast met de mogelijkheden die er al bleken te bestaan om ondersteuning te bieden aan digitaal minder vaardigen!<\/p>\n\n\n\n<p>In de workshop combineerden we een presentatie van wat er aan ondersteuning mogelijk was, met een visie op de toekomst van de zorg met PGO\u2019s, online informatie en digitale toegang tot de dokter. De boodschap: ook voor je gezondheid is het goed digitaal vaardig te zijn, te worden, of waar nodig hulp te vragen.&nbsp;<\/p>\n\n\n\n<h2 class=\"wp-block-heading\">ENORME TOENAME DIGITALE TOEGANG<\/h2>\n\n\n\n<p>Sinds het uitbreken van de coronacrisis is de digitale toegang tot mijn eigen praktijk enorm toegenomen. De e-consulten zijn soms verdrievoudigd, beeldbellen komt ineens op gang. En toch merk ik een relatief grote groep die zegt: \u2018Ik kan, wil, of heb daar niet zo veel mee\u2019. Daar heb ik begrip voor, maar tegelijkertijd realiseer ik me dat dit een groep is die nu achterstand op gaat lopen. Want de fysieke toegankelijkheid zoals we die gewend waren, zal voorlopig niet meer voluit terugkomen.&nbsp;<\/p>\n\n\n\n<p>Daarom heb ik opnieuw contact gezocht met bibliotheek en welzijnsorganisatie, en vraag ik de gemeente ook om mee te denken. Wat mij betreft moeten we op een missie.&nbsp;<\/p>\n\n\n\n<h2 class=\"wp-block-heading\">ZENDELINGENWERK<\/h2>\n\n\n\n<p>Zendelingenwerk ligt in het verschiet. Ik hoop uiteindelijk als huisartsenpraktijk de verwijzing naar deze instanties in al mijn overwegingen mee te nemen. En ik hoop dat zij zich kunnen gaan richten op concrete voorbeelden van digitale gezondheidszorg, m\u00e9t ondersteuning.&nbsp;<\/p>\n\n\n\n<p>De lezers van ICT&amp;health roep ik op om goede idee\u00ebn op dit vlak te delen. Want ongelijkheid, daar kan ik uiteindelijk wel mee leven. Maar ongelijke k\u00e1nsen? Nee, daar moet ik niks van hebben.<\/p>\n<\/div>\n<\/div><\/div>\n","protected":false},"excerpt":{"rendered":"","protected":false},"author":1,"featured_media":0,"parent":0,"menu_order":0,"comment_status":"closed","ping_status":"closed","template":"","meta":{"neve_meta_sidebar":"","neve_meta_container":"","neve_meta_enable_content_width":"","neve_meta_content_width":0,"neve_meta_title_alignment":"","neve_meta_author_avatar":"","neve_post_elements_order":"","neve_meta_disable_header":"","neve_meta_disable_footer":"","neve_meta_disable_title":"","_themeisle_gutenberg_block_has_review":false,"footnotes":""},"class_list":["post-1812","page","type-page","status-publish","hentry"],"yoast_head":"<!-- This site is optimized with the Yoast SEO plugin v27.5 - https:\/\/yoast.com\/product\/yoast-seo-wordpress\/ -->\n<title>Blog ICT&amp;Health Mei 2020 - Muziek en meer<\/title>\n<meta name=\"robots\" content=\"index, follow, max-snippet:-1, max-image-preview:large, max-video-preview:-1\" \/>\n<link rel=\"canonical\" href=\"https:\/\/www.barttimmers.nl\/?page_id=1812\" \/>\n<meta property=\"og:locale\" content=\"nl_NL\" \/>\n<meta property=\"og:type\" content=\"article\" \/>\n<meta property=\"og:title\" content=\"Blog ICT&amp;Health Mei 2020 - Muziek en meer\" \/>\n<meta property=\"og:url\" content=\"https:\/\/www.barttimmers.nl\/?page_id=1812\" \/>\n<meta property=\"og:site_name\" content=\"Muziek en meer\" \/>\n<meta property=\"article:modified_time\" content=\"2020-05-10T07:37:04+00:00\" \/>\n<meta property=\"og:image\" content=\"https:\/\/www.icthealth.nl\/wp-content\/uploads\/2020\/05\/Senioren-tablet-digitaal-570x360.jpg\" \/>\n<meta name=\"twitter:card\" content=\"summary_large_image\" \/>\n<meta name=\"twitter:label1\" content=\"Geschatte leestijd\" \/>\n\t<meta name=\"twitter:data1\" content=\"3 minuten\" \/>\n<script type=\"application\/ld+json\" class=\"yoast-schema-graph\">{\"@context\":\"https:\\\/\\\/schema.org\",\"@graph\":[{\"@type\":\"WebPage\",\"@id\":\"https:\\\/\\\/www.barttimmers.nl\\\/?page_id=1812\",\"url\":\"https:\\\/\\\/www.barttimmers.nl\\\/?page_id=1812\",\"name\":\"Blog ICT&Health Mei 2020 - Muziek en meer\",\"isPartOf\":{\"@id\":\"https:\\\/\\\/www.barttimmers.nl\\\/#website\"},\"primaryImageOfPage\":{\"@id\":\"https:\\\/\\\/www.barttimmers.nl\\\/?page_id=1812#primaryimage\"},\"image\":{\"@id\":\"https:\\\/\\\/www.barttimmers.nl\\\/?page_id=1812#primaryimage\"},\"thumbnailUrl\":\"https:\\\/\\\/www.icthealth.nl\\\/wp-content\\\/uploads\\\/2020\\\/05\\\/Senioren-tablet-digitaal-570x360.jpg\",\"datePublished\":\"2020-05-06T07:36:00+00:00\",\"dateModified\":\"2020-05-10T07:37:04+00:00\",\"breadcrumb\":{\"@id\":\"https:\\\/\\\/www.barttimmers.nl\\\/?page_id=1812#breadcrumb\"},\"inLanguage\":\"nl-NL\",\"potentialAction\":[{\"@type\":\"ReadAction\",\"target\":[\"https:\\\/\\\/www.barttimmers.nl\\\/?page_id=1812\"]}]},{\"@type\":\"ImageObject\",\"inLanguage\":\"nl-NL\",\"@id\":\"https:\\\/\\\/www.barttimmers.nl\\\/?page_id=1812#primaryimage\",\"url\":\"https:\\\/\\\/www.icthealth.nl\\\/wp-content\\\/uploads\\\/2020\\\/05\\\/Senioren-tablet-digitaal-570x360.jpg\",\"contentUrl\":\"https:\\\/\\\/www.icthealth.nl\\\/wp-content\\\/uploads\\\/2020\\\/05\\\/Senioren-tablet-digitaal-570x360.jpg\"},{\"@type\":\"BreadcrumbList\",\"@id\":\"https:\\\/\\\/www.barttimmers.nl\\\/?page_id=1812#breadcrumb\",\"itemListElement\":[{\"@type\":\"ListItem\",\"position\":1,\"name\":\"Home\",\"item\":\"https:\\\/\\\/www.barttimmers.nl\\\/\"},{\"@type\":\"ListItem\",\"position\":2,\"name\":\"Blog ICT&#038;Health Mei 2020\"}]},{\"@type\":\"WebSite\",\"@id\":\"https:\\\/\\\/www.barttimmers.nl\\\/#website\",\"url\":\"https:\\\/\\\/www.barttimmers.nl\\\/\",\"name\":\"Muziek en meer\",\"description\":\"Get into the groove.... Bart wil iets delen\",\"potentialAction\":[{\"@type\":\"SearchAction\",\"target\":{\"@type\":\"EntryPoint\",\"urlTemplate\":\"https:\\\/\\\/www.barttimmers.nl\\\/?s={search_term_string}\"},\"query-input\":{\"@type\":\"PropertyValueSpecification\",\"valueRequired\":true,\"valueName\":\"search_term_string\"}}],\"inLanguage\":\"nl-NL\"}]}<\/script>\n<!-- \/ Yoast SEO plugin. -->","yoast_head_json":{"title":"Blog ICT&Health Mei 2020 - Muziek en meer","robots":{"index":"index","follow":"follow","max-snippet":"max-snippet:-1","max-image-preview":"max-image-preview:large","max-video-preview":"max-video-preview:-1"},"canonical":"https:\/\/www.barttimmers.nl\/?page_id=1812","og_locale":"nl_NL","og_type":"article","og_title":"Blog ICT&Health Mei 2020 - Muziek en meer","og_url":"https:\/\/www.barttimmers.nl\/?page_id=1812","og_site_name":"Muziek en meer","article_modified_time":"2020-05-10T07:37:04+00:00","og_image":[{"url":"https:\/\/www.icthealth.nl\/wp-content\/uploads\/2020\/05\/Senioren-tablet-digitaal-570x360.jpg","type":"","width":"","height":""}],"twitter_card":"summary_large_image","twitter_misc":{"Geschatte leestijd":"3 minuten"},"schema":{"@context":"https:\/\/schema.org","@graph":[{"@type":"WebPage","@id":"https:\/\/www.barttimmers.nl\/?page_id=1812","url":"https:\/\/www.barttimmers.nl\/?page_id=1812","name":"Blog ICT&Health Mei 2020 - Muziek en meer","isPartOf":{"@id":"https:\/\/www.barttimmers.nl\/#website"},"primaryImageOfPage":{"@id":"https:\/\/www.barttimmers.nl\/?page_id=1812#primaryimage"},"image":{"@id":"https:\/\/www.barttimmers.nl\/?page_id=1812#primaryimage"},"thumbnailUrl":"https:\/\/www.icthealth.nl\/wp-content\/uploads\/2020\/05\/Senioren-tablet-digitaal-570x360.jpg","datePublished":"2020-05-06T07:36:00+00:00","dateModified":"2020-05-10T07:37:04+00:00","breadcrumb":{"@id":"https:\/\/www.barttimmers.nl\/?page_id=1812#breadcrumb"},"inLanguage":"nl-NL","potentialAction":[{"@type":"ReadAction","target":["https:\/\/www.barttimmers.nl\/?page_id=1812"]}]},{"@type":"ImageObject","inLanguage":"nl-NL","@id":"https:\/\/www.barttimmers.nl\/?page_id=1812#primaryimage","url":"https:\/\/www.icthealth.nl\/wp-content\/uploads\/2020\/05\/Senioren-tablet-digitaal-570x360.jpg","contentUrl":"https:\/\/www.icthealth.nl\/wp-content\/uploads\/2020\/05\/Senioren-tablet-digitaal-570x360.jpg"},{"@type":"BreadcrumbList","@id":"https:\/\/www.barttimmers.nl\/?page_id=1812#breadcrumb","itemListElement":[{"@type":"ListItem","position":1,"name":"Home","item":"https:\/\/www.barttimmers.nl\/"},{"@type":"ListItem","position":2,"name":"Blog ICT&#038;Health Mei 2020"}]},{"@type":"WebSite","@id":"https:\/\/www.barttimmers.nl\/#website","url":"https:\/\/www.barttimmers.nl\/","name":"Muziek en meer","description":"Get into the groove.... Bart wil iets delen","potentialAction":[{"@type":"SearchAction","target":{"@type":"EntryPoint","urlTemplate":"https:\/\/www.barttimmers.nl\/?s={search_term_string}"},"query-input":{"@type":"PropertyValueSpecification","valueRequired":true,"valueName":"search_term_string"}}],"inLanguage":"nl-NL"}]}},"_links":{"self":[{"href":"https:\/\/www.barttimmers.nl\/index.php?rest_route=\/wp\/v2\/pages\/1812","targetHints":{"allow":["GET"]}}],"collection":[{"href":"https:\/\/www.barttimmers.nl\/index.php?rest_route=\/wp\/v2\/pages"}],"about":[{"href":"https:\/\/www.barttimmers.nl\/index.php?rest_route=\/wp\/v2\/types\/page"}],"author":[{"embeddable":true,"href":"https:\/\/www.barttimmers.nl\/index.php?rest_route=\/wp\/v2\/users\/1"}],"replies":[{"embeddable":true,"href":"https:\/\/www.barttimmers.nl\/index.php?rest_route=%2Fwp%2Fv2%2Fcomments&post=1812"}],"version-history":[{"count":1,"href":"https:\/\/www.barttimmers.nl\/index.php?rest_route=\/wp\/v2\/pages\/1812\/revisions"}],"predecessor-version":[{"id":1814,"href":"https:\/\/www.barttimmers.nl\/index.php?rest_route=\/wp\/v2\/pages\/1812\/revisions\/1814"}],"wp:attachment":[{"href":"https:\/\/www.barttimmers.nl\/index.php?rest_route=%2Fwp%2Fv2%2Fmedia&parent=1812"}],"curies":[{"name":"wp","href":"https:\/\/api.w.org\/{rel}","templated":true}]}}