{"id":1767,"date":"2020-02-14T16:40:55","date_gmt":"2020-02-14T15:40:55","guid":{"rendered":"https:\/\/www.barttimmers.nl\/?page_id=1767"},"modified":"2020-02-14T16:41:53","modified_gmt":"2020-02-14T15:41:53","slug":"blog-medisch-contact-februari-2020","status":"publish","type":"page","link":"https:\/\/www.barttimmers.nl\/?page_id=1767","title":{"rendered":"Blog Medisch Contact februari 2020"},"content":{"rendered":"\n<div class=\"wp-block-themeisle-blocks-advanced-columns has-1-columns has-desktop-equal-layout has-tablet-equal-layout has-mobile-equal-layout has-default-gap has-vertical-unset\" id=\"wp-block-themeisle-blocks-advanced-columns-f925d3ad\" style=\"border-width:0px;border-style:solid;border-color:#000000;border-radius:0px;justify-content:unset\"><div class=\"wp-themeisle-block-overlay\" style=\"opacity:0.5;mix-blend-mode:normal\"><\/div><div class=\"innerblocks-wrap\">\n<div class=\"wp-block-themeisle-blocks-advanced-column\" id=\"wp-block-themeisle-blocks-advanced-column-567d4383\" style=\"border-width:0px;border-style:solid;border-color:#000000;border-radius:0px\">\n<figure class=\"wp-block-image\"><img decoding=\"async\" src=\"https:\/\/www.medischcontact.nl\/upload_mm\/2\/2\/d\/63027_fullimage_bart%20timmers%202019_150x150_resize_5.jpg\" alt=\"Bart Timmers\"\/><\/figure>\n\n\n\n<p><a href=\"https:\/\/www.medischcontact.nl\/opinie\/blogs-columns\/bloggers-columnisten\/bloggercolumnist\/bart-timmers.htm\">Bart Timmers<\/a>&nbsp;vandaag om 13:00&nbsp;2 minuten leestijdblog<\/p>\n\n\n\n<h1 class=\"wp-block-heading\">Mijn jaarlijkse speeddate&nbsp;<\/h1>\n\n\n\n<p><a href=\"https:\/\/www.medischcontact.nl\/opinie\/blogs-columns\/blog\/mijn-jaarlijkse-speeddate-.htm#reacties\">Plaats een reactie<\/a><\/p>\n\n\n\n<p>Een kort gesprek in de gang van de huisartsenpost, met een nog geen jaar geleden afgestudeerde huisarts. Het gaat over het vak, hoe hij het ervaart, zo\u2019n paar maanden na het behalen van de offici\u00eble titel \u2018huisarts\u2019. Ik zie z\u2019n ogen oplichten en hij vertelt enthousiast over de mooie kanten van het vak. We hebben het over het omgaan met onzekerheden, met de vele pati\u00ebntencontacten waarbij richtlijnen en protocollen soms niet meer blijken te zijn dan een zwak zaklantaarntje in een potdichte mist. Het doet mij goed dat hij juist benoemt dat hij dat de uitdagende kant vindt. \u2018Dat is het stuk waar geneeskunde soms geneeskunst wordt\u2019 Het is duidelijk dat deze huisarts zijn draai wel gevonden heeft.<\/p>\n\n\n\n<h3 class=\"wp-block-heading\">ADVERTENTIE<\/h3>\n\n\n\n<p>Het is toevallig ook de dag voordat ik weer een nieuwe ronde speeddaten heb. Als huisarts-opleider doe je \u00e9\u00e9n keer per jaar mee aan de \u2018caroussel\u2019, waarbij je een aantal keren een gesprek hebt met aspirant-huisartsen-in-opleiding. Bedoeling hiervan is te kijken of er wederzijds voldoende klik is om een heel jaar of soms nog langer intensief met elkaar op te trekken in een opleidingssituatie. Dat vergt wat van beide kanten.<\/p>\n\n\n\n<p>Waar ik vaak naar op zoek ben, ook in zo\u2019n korte speeddate, is de motivatie van een jongere collega om zich juist in dit vak te specialiseren. Want ik kan dan wel razend enthousiast zijn over het mooiste vak ter wereld, ik ken de valkuilen ook. Diezelfde mooie kanten kunnen voor iemand juist ook heel benauwend, bedreigend of demotiverend gaan werken als je er niet een zekere fascinatie voor hebt. Dit is ook een terugkerend thema in het jaar dat de kandidaat-huisarts in de praktijk werkt. Het enthousiasme is er niet altijd vanzelfsprekend en ik snap dat ook wel. Maar zonder die fascinatie wordt dit vak slopend en is het niet vol te houden. Dus soms is zo\u2019n opleidingsperiode zoeken, praten, reflecteren, en wordt gelukkig meestal alsnog de vonk gevonden.<\/p>\n\n\n\n<p>In mijn opleidersprofiel noem ik het vertalen van de wetenschappelijke wereld naar de situatie van de pati\u00ebnt v\u00f3\u00f3r je, een van de mooie kanten. Soms denk ik wel eens dat die wetenschappelijke wereld met de daaruit voortvloeiende standaarden, richtlijnen en protocollen een skelet vormen. Maar zet tien skeletten op een rij en je herkent daar geen persoon in. Juist door als zorgverlener te zorgen voor \u2018vlees op de botten\u2019 verschijnt er een gedifferentieerde en persoonlijke zorg. Maar ik weet niet of ik dat morgen tijdens de speeddate ga vertellen. Voor je het weet denken ze: \u2018Ja koekoek, die opleiding is al zo moeilijk, zit ik ook nog een jaar met zo\u2019n mafkees opgezadeld&#8230;\u2019<\/p>\n\n\n\n<p>Ik doe het wel als ik ze eenmaal binnen heb.<\/p>\n\n\n\n<p><a href=\"https:\/\/www.medischcontact.nl\/opinie\/blogs-columns\/blog\/mijn-jaarlijkse-speeddate-.htm\">https:\/\/www.medischcontact.nl\/opinie\/blogs-columns\/blog\/mijn-jaarlijkse-speeddate-.htm<\/a><\/p>\n<\/div>\n<\/div><\/div>\n","protected":false},"excerpt":{"rendered":"","protected":false},"author":1,"featured_media":0,"parent":0,"menu_order":0,"comment_status":"closed","ping_status":"closed","template":"","meta":{"neve_meta_sidebar":"","neve_meta_container":"","neve_meta_enable_content_width":"","neve_meta_content_width":0,"neve_meta_title_alignment":"","neve_meta_author_avatar":"","neve_post_elements_order":"","neve_meta_disable_header":"","neve_meta_disable_footer":"","neve_meta_disable_title":"","_themeisle_gutenberg_block_has_review":false,"footnotes":""},"class_list":["post-1767","page","type-page","status-publish","hentry"],"yoast_head":"<!-- This site is optimized with the Yoast SEO plugin v27.5 - https:\/\/yoast.com\/product\/yoast-seo-wordpress\/ -->\n<title>Blog Medisch Contact februari 2020 - Muziek en meer<\/title>\n<meta name=\"robots\" content=\"index, follow, max-snippet:-1, max-image-preview:large, max-video-preview:-1\" \/>\n<link rel=\"canonical\" href=\"https:\/\/www.barttimmers.nl\/?page_id=1767\" \/>\n<meta property=\"og:locale\" content=\"nl_NL\" \/>\n<meta property=\"og:type\" content=\"article\" \/>\n<meta property=\"og:title\" content=\"Blog Medisch Contact februari 2020 - Muziek en meer\" \/>\n<meta property=\"og:url\" content=\"https:\/\/www.barttimmers.nl\/?page_id=1767\" \/>\n<meta property=\"og:site_name\" content=\"Muziek en meer\" \/>\n<meta property=\"article:modified_time\" content=\"2020-02-14T15:41:53+00:00\" \/>\n<meta property=\"og:image\" content=\"https:\/\/www.medischcontact.nl\/upload_mm\/2\/2\/d\/63027_fullimage_bart%20timmers%202019_150x150_resize_5.jpg\" \/>\n<meta name=\"twitter:card\" content=\"summary_large_image\" \/>\n<meta name=\"twitter:label1\" content=\"Geschatte leestijd\" \/>\n\t<meta name=\"twitter:data1\" content=\"2 minuten\" \/>\n<script type=\"application\/ld+json\" class=\"yoast-schema-graph\">{\"@context\":\"https:\\\/\\\/schema.org\",\"@graph\":[{\"@type\":\"WebPage\",\"@id\":\"https:\\\/\\\/www.barttimmers.nl\\\/?page_id=1767\",\"url\":\"https:\\\/\\\/www.barttimmers.nl\\\/?page_id=1767\",\"name\":\"Blog Medisch Contact februari 2020 - Muziek en meer\",\"isPartOf\":{\"@id\":\"https:\\\/\\\/www.barttimmers.nl\\\/#website\"},\"primaryImageOfPage\":{\"@id\":\"https:\\\/\\\/www.barttimmers.nl\\\/?page_id=1767#primaryimage\"},\"image\":{\"@id\":\"https:\\\/\\\/www.barttimmers.nl\\\/?page_id=1767#primaryimage\"},\"thumbnailUrl\":\"https:\\\/\\\/www.medischcontact.nl\\\/upload_mm\\\/2\\\/2\\\/d\\\/63027_fullimage_bart%20timmers%202019_150x150_resize_5.jpg\",\"datePublished\":\"2020-02-14T15:40:55+00:00\",\"dateModified\":\"2020-02-14T15:41:53+00:00\",\"breadcrumb\":{\"@id\":\"https:\\\/\\\/www.barttimmers.nl\\\/?page_id=1767#breadcrumb\"},\"inLanguage\":\"nl-NL\",\"potentialAction\":[{\"@type\":\"ReadAction\",\"target\":[\"https:\\\/\\\/www.barttimmers.nl\\\/?page_id=1767\"]}]},{\"@type\":\"ImageObject\",\"inLanguage\":\"nl-NL\",\"@id\":\"https:\\\/\\\/www.barttimmers.nl\\\/?page_id=1767#primaryimage\",\"url\":\"https:\\\/\\\/www.medischcontact.nl\\\/upload_mm\\\/2\\\/2\\\/d\\\/63027_fullimage_bart%20timmers%202019_150x150_resize_5.jpg\",\"contentUrl\":\"https:\\\/\\\/www.medischcontact.nl\\\/upload_mm\\\/2\\\/2\\\/d\\\/63027_fullimage_bart%20timmers%202019_150x150_resize_5.jpg\"},{\"@type\":\"BreadcrumbList\",\"@id\":\"https:\\\/\\\/www.barttimmers.nl\\\/?page_id=1767#breadcrumb\",\"itemListElement\":[{\"@type\":\"ListItem\",\"position\":1,\"name\":\"Home\",\"item\":\"https:\\\/\\\/www.barttimmers.nl\\\/\"},{\"@type\":\"ListItem\",\"position\":2,\"name\":\"Blog Medisch Contact februari 2020\"}]},{\"@type\":\"WebSite\",\"@id\":\"https:\\\/\\\/www.barttimmers.nl\\\/#website\",\"url\":\"https:\\\/\\\/www.barttimmers.nl\\\/\",\"name\":\"Muziek en meer\",\"description\":\"Get into the groove.... Bart wil iets delen\",\"potentialAction\":[{\"@type\":\"SearchAction\",\"target\":{\"@type\":\"EntryPoint\",\"urlTemplate\":\"https:\\\/\\\/www.barttimmers.nl\\\/?s={search_term_string}\"},\"query-input\":{\"@type\":\"PropertyValueSpecification\",\"valueRequired\":true,\"valueName\":\"search_term_string\"}}],\"inLanguage\":\"nl-NL\"}]}<\/script>\n<!-- \/ Yoast SEO plugin. -->","yoast_head_json":{"title":"Blog Medisch Contact februari 2020 - Muziek en meer","robots":{"index":"index","follow":"follow","max-snippet":"max-snippet:-1","max-image-preview":"max-image-preview:large","max-video-preview":"max-video-preview:-1"},"canonical":"https:\/\/www.barttimmers.nl\/?page_id=1767","og_locale":"nl_NL","og_type":"article","og_title":"Blog Medisch Contact februari 2020 - Muziek en meer","og_url":"https:\/\/www.barttimmers.nl\/?page_id=1767","og_site_name":"Muziek en meer","article_modified_time":"2020-02-14T15:41:53+00:00","og_image":[{"url":"https:\/\/www.medischcontact.nl\/upload_mm\/2\/2\/d\/63027_fullimage_bart%20timmers%202019_150x150_resize_5.jpg","type":"","width":"","height":""}],"twitter_card":"summary_large_image","twitter_misc":{"Geschatte leestijd":"2 minuten"},"schema":{"@context":"https:\/\/schema.org","@graph":[{"@type":"WebPage","@id":"https:\/\/www.barttimmers.nl\/?page_id=1767","url":"https:\/\/www.barttimmers.nl\/?page_id=1767","name":"Blog Medisch Contact februari 2020 - Muziek en meer","isPartOf":{"@id":"https:\/\/www.barttimmers.nl\/#website"},"primaryImageOfPage":{"@id":"https:\/\/www.barttimmers.nl\/?page_id=1767#primaryimage"},"image":{"@id":"https:\/\/www.barttimmers.nl\/?page_id=1767#primaryimage"},"thumbnailUrl":"https:\/\/www.medischcontact.nl\/upload_mm\/2\/2\/d\/63027_fullimage_bart%20timmers%202019_150x150_resize_5.jpg","datePublished":"2020-02-14T15:40:55+00:00","dateModified":"2020-02-14T15:41:53+00:00","breadcrumb":{"@id":"https:\/\/www.barttimmers.nl\/?page_id=1767#breadcrumb"},"inLanguage":"nl-NL","potentialAction":[{"@type":"ReadAction","target":["https:\/\/www.barttimmers.nl\/?page_id=1767"]}]},{"@type":"ImageObject","inLanguage":"nl-NL","@id":"https:\/\/www.barttimmers.nl\/?page_id=1767#primaryimage","url":"https:\/\/www.medischcontact.nl\/upload_mm\/2\/2\/d\/63027_fullimage_bart%20timmers%202019_150x150_resize_5.jpg","contentUrl":"https:\/\/www.medischcontact.nl\/upload_mm\/2\/2\/d\/63027_fullimage_bart%20timmers%202019_150x150_resize_5.jpg"},{"@type":"BreadcrumbList","@id":"https:\/\/www.barttimmers.nl\/?page_id=1767#breadcrumb","itemListElement":[{"@type":"ListItem","position":1,"name":"Home","item":"https:\/\/www.barttimmers.nl\/"},{"@type":"ListItem","position":2,"name":"Blog Medisch Contact februari 2020"}]},{"@type":"WebSite","@id":"https:\/\/www.barttimmers.nl\/#website","url":"https:\/\/www.barttimmers.nl\/","name":"Muziek en meer","description":"Get into the groove.... Bart wil iets delen","potentialAction":[{"@type":"SearchAction","target":{"@type":"EntryPoint","urlTemplate":"https:\/\/www.barttimmers.nl\/?s={search_term_string}"},"query-input":{"@type":"PropertyValueSpecification","valueRequired":true,"valueName":"search_term_string"}}],"inLanguage":"nl-NL"}]}},"_links":{"self":[{"href":"https:\/\/www.barttimmers.nl\/index.php?rest_route=\/wp\/v2\/pages\/1767","targetHints":{"allow":["GET"]}}],"collection":[{"href":"https:\/\/www.barttimmers.nl\/index.php?rest_route=\/wp\/v2\/pages"}],"about":[{"href":"https:\/\/www.barttimmers.nl\/index.php?rest_route=\/wp\/v2\/types\/page"}],"author":[{"embeddable":true,"href":"https:\/\/www.barttimmers.nl\/index.php?rest_route=\/wp\/v2\/users\/1"}],"replies":[{"embeddable":true,"href":"https:\/\/www.barttimmers.nl\/index.php?rest_route=%2Fwp%2Fv2%2Fcomments&post=1767"}],"version-history":[{"count":2,"href":"https:\/\/www.barttimmers.nl\/index.php?rest_route=\/wp\/v2\/pages\/1767\/revisions"}],"predecessor-version":[{"id":1770,"href":"https:\/\/www.barttimmers.nl\/index.php?rest_route=\/wp\/v2\/pages\/1767\/revisions\/1770"}],"wp:attachment":[{"href":"https:\/\/www.barttimmers.nl\/index.php?rest_route=%2Fwp%2Fv2%2Fmedia&parent=1767"}],"curies":[{"name":"wp","href":"https:\/\/api.w.org\/{rel}","templated":true}]}}