{"id":1760,"date":"2020-02-12T16:32:00","date_gmt":"2020-02-12T15:32:00","guid":{"rendered":"https:\/\/www.barttimmers.nl\/?page_id=1760"},"modified":"2020-02-14T16:35:48","modified_gmt":"2020-02-14T15:35:48","slug":"blog-icthealth-februari-2020","status":"publish","type":"page","link":"https:\/\/www.barttimmers.nl\/?page_id=1760","title":{"rendered":"Blog ICT&#038;Health februari 2020"},"content":{"rendered":"\n<div class=\"wp-block-themeisle-blocks-advanced-columns has-1-columns has-desktop-equal-layout has-tablet-equal-layout has-mobile-equal-layout has-default-gap has-vertical-unset\" id=\"wp-block-themeisle-blocks-advanced-columns-624daffe\" style=\"border-width:0px;border-style:solid;border-color:#000000;border-radius:0px;justify-content:unset\"><div class=\"wp-themeisle-block-overlay\" style=\"opacity:0.5;mix-blend-mode:normal\"><\/div><div class=\"innerblocks-wrap\">\n<div class=\"wp-block-themeisle-blocks-advanced-column\" id=\"wp-block-themeisle-blocks-advanced-column-bec219a3\" style=\"border-width:0px;border-style:solid;border-color:#000000;border-radius:0px\">\n<h1 class=\"wp-block-heading\">E-MINEUR-HEALTH: DENK NIET VANUIT HUIDIG REFERENTIEKADER<\/h1>\n\n\n\n<p>Eind jaren \u201980, toen de hip-hop en dance groter groeide, waren de reacties van mijn generatiegenoten vaak: \u201cIk hou alleen van \u00e9chte muziek\u201d. De nieuwe muziek hoorde daar kennelijk niet onder, want \u201chet klinkt allemaal hetzelfde\u201d. Wat een onzin!<\/p>\n\n\n\n<p>Een generatie verder heb ik het met mijn kinderen veel over muziek en voeden zij me met nieuwe namen. Af en toe laat ik ze \u201cechte\u201d bands horen en ze horen daar wel leuke dingen bij, maar volgens \u00e9\u00e9n van hen \u201cklinkt het wel allemaal hetzelfde\u2026\u201d<\/p>\n\n\n\n<p>Ik moest daar aan denken na de kritische columns van&nbsp;<a href=\"https:\/\/www.volkskrant.nl\/wetenschap\/doen-doen-doen-of-laten-die-e-health~bd6c8d89\/\" target=\"_blank\" rel=\"noreferrer noopener\">Joost Zaat<\/a>(Volkskrant) en&nbsp;<a href=\"https:\/\/www.observantonline.nl\/Home\/Artikelen\/articleType\/ArticleView\/articleId\/17892\/E-health-i-dioot\" target=\"_blank\" rel=\"noreferrer noopener\">Jochen Cals<\/a>&nbsp;(Observant) op de dag van de&nbsp;<a href=\"https:\/\/www.icthealth.nl\/nieuws\/minister-bruins-opent-e-healthweek-2020-nu-gewoon-doen\/\" target=\"_blank\" rel=\"noreferrer noopener\">opening van de e-healthweek<\/a>, afgelopen januari. Kritisch kijken is heel belangrijk, maar ik vond de toon in beide columns niet kritisch maar negatief. En dat is niet nodig. Zaat viel onder andere over het feit dat zaal en podium vol zaten met bestuurders en beleidsmakers, waar bleven de zorgverleners?&nbsp;<\/p>\n\n\n\n<h2 class=\"wp-block-heading\">ZORGVERLENERS VRIJ BEHOUDEND<\/h2>\n\n\n\n<p>Nou stel ik die vraag ook graag, want hoewel ze er inmiddels wel zijn, kun je moeilijk met droge ogen beweren dat we als zorgverleners erg innovatief en vooruitstrevend zijn op het vlak van e-health. Er zijn wel goede redenen om niet te hard van stapel te lopen, maar ik vind dat we wel heel erg aan de behoudende kant van de streep blijven. Er gebeurt te weinig vanuit ons zelf!&nbsp;<\/p>\n\n\n\n<p>Cals zegt weinig apps in zijn spreekkamer te zien, maar vergeet kennelijk dat een e-health-toepassing als Thuisarts.nl alleen al zorgt voor 12 procent minder mensen die \u00fcberhaupt de spreekkamer nog binnenkomen. En als hij de \u2018e\u2019 ook nog eens reserveert voor \u2018empathie\u2019, alsof e-health het tegenovergestelde zou betekenen, dan gaan mijn nekharen overeind staan.&nbsp;<\/p>\n\n\n\n<p>Het doet me heel erg denken aan de muziekdiscussies: denken vanuit het huidige referentiekader. Ondertussen vergetend dat bijvoorbeeld de personeelsproblemen in de bestaande zorg toenemen. Als je straks per huisarts ineens m\u00e9\u00e9r pati\u00ebnten moet zien in minder tijd, dan ben ik benieuwd waar we de tijd voor empathie nog vandaan denken te halen.&nbsp;<\/p>\n\n\n\n<h2 class=\"wp-block-heading\">E-HEALTH KAN BIJDRAGEN AAN EMPATHISCHE ZORG<\/h2>\n\n\n\n<p>Nieuwe zorgvormen kunnen een deel van die druk weg halen zodat we de tijd die we overhouden, zinnig kunnen blijven besteden. Waar we het over eens zijn is dat empathie belangrijk is en blijft, maar in mijn visie kan e-health juist bijdragen aan empathische zorg.&nbsp;<\/p>\n\n\n\n<p>Het is tijd voor nieuwe muziek. En laten we niet in e-mineur blijven klinken.\u00a0<\/p>\n\n\n\n<h4 class=\"wp-block-heading\">TAGS<\/h4>\n\n\n\n<ul class=\"wp-block-list\"><li><a href=\"https:\/\/www.icthealth.nl\/tag\/e-health\/\">E-HEALTH<\/a><\/li><li><a href=\"https:\/\/www.icthealth.nl\/tag\/huisarts\/\">HUISARTS<\/a><\/li><\/ul>\n\n\n\n<h4 class=\"wp-block-heading\">LID REDACTIERAAD ICT&amp;HEALTH<\/h4>\n\n\n\n<h3 class=\"wp-block-heading\">BART TIMMERS<\/h3>\n\n\n\n<figure class=\"wp-block-image\"><a href=\"https:\/\/www.icthealth.nl\/redactieraad\/drs-bart-timmers\/\"><img decoding=\"async\" src=\"https:\/\/www.icthealth.nl\/wp-content\/uploads\/2017\/11\/Bart-Timmers-1-150x150.jpg\" alt=\"Bart  Timmers\"\/><\/a><\/figure>\n\n\n\n<p><a href=\"https:\/\/www.icthealth.nl\/redactieraad\/drs-bart-timmers\/\">MEER VAN DEZE AUTEUR<\/a><\/p>\n\n\n\n<h4 class=\"wp-block-heading\">DEEL DIT ARTIKEL<\/h4>\n\n\n\n<figure class=\"wp-block-image\"><img decoding=\"async\" src=\"https:\/\/www.icthealth.nl\/wp-content\/uploads\/2020\/02\/Blog-Bart-Timmers-empathie-570x360.jpg\" alt=\"E-mineur-health: denk niet vanuit huidig referentiekader\"\/><\/figure>\n\n\n\n<figure class=\"wp-block-embed-wordpress wp-block-embed is-type-wp-embed is-provider-ict-amp-health\"><div class=\"wp-block-embed__wrapper\">\nhttps:\/\/www.icthealth.nl\/blog\/e-mineur-health-denk-niet-vanuit-huidig-referentiekader\/\n<\/div><figcaption>Link naar het originele artikel<\/figcaption><\/figure>\n<\/div>\n<\/div><\/div>\n","protected":false},"excerpt":{"rendered":"","protected":false},"author":1,"featured_media":0,"parent":0,"menu_order":0,"comment_status":"closed","ping_status":"closed","template":"","meta":{"neve_meta_sidebar":"","neve_meta_container":"","neve_meta_enable_content_width":"","neve_meta_content_width":0,"neve_meta_title_alignment":"","neve_meta_author_avatar":"","neve_post_elements_order":"","neve_meta_disable_header":"","neve_meta_disable_footer":"","neve_meta_disable_title":"","_themeisle_gutenberg_block_has_review":false,"footnotes":""},"class_list":["post-1760","page","type-page","status-publish","hentry"],"yoast_head":"<!-- This site is optimized with the Yoast SEO plugin v27.5 - https:\/\/yoast.com\/product\/yoast-seo-wordpress\/ -->\n<title>Blog ICT&amp;Health februari 2020 - Muziek en meer<\/title>\n<meta name=\"robots\" content=\"index, follow, max-snippet:-1, max-image-preview:large, max-video-preview:-1\" \/>\n<link rel=\"canonical\" href=\"https:\/\/www.barttimmers.nl\/?page_id=1760\" \/>\n<meta property=\"og:locale\" content=\"nl_NL\" \/>\n<meta property=\"og:type\" content=\"article\" \/>\n<meta property=\"og:title\" content=\"Blog ICT&amp;Health februari 2020 - Muziek en meer\" \/>\n<meta property=\"og:url\" content=\"https:\/\/www.barttimmers.nl\/?page_id=1760\" \/>\n<meta property=\"og:site_name\" content=\"Muziek en meer\" \/>\n<meta property=\"article:modified_time\" content=\"2020-02-14T15:35:48+00:00\" \/>\n<meta property=\"og:image\" content=\"https:\/\/www.icthealth.nl\/wp-content\/uploads\/2017\/11\/Bart-Timmers-1-150x150.jpg\" \/>\n<meta name=\"twitter:card\" content=\"summary_large_image\" \/>\n<meta name=\"twitter:label1\" content=\"Geschatte leestijd\" \/>\n\t<meta name=\"twitter:data1\" content=\"2 minuten\" \/>\n<script type=\"application\/ld+json\" class=\"yoast-schema-graph\">{\"@context\":\"https:\\\/\\\/schema.org\",\"@graph\":[{\"@type\":\"WebPage\",\"@id\":\"https:\\\/\\\/www.barttimmers.nl\\\/?page_id=1760\",\"url\":\"https:\\\/\\\/www.barttimmers.nl\\\/?page_id=1760\",\"name\":\"Blog ICT&Health februari 2020 - Muziek en meer\",\"isPartOf\":{\"@id\":\"https:\\\/\\\/www.barttimmers.nl\\\/#website\"},\"primaryImageOfPage\":{\"@id\":\"https:\\\/\\\/www.barttimmers.nl\\\/?page_id=1760#primaryimage\"},\"image\":{\"@id\":\"https:\\\/\\\/www.barttimmers.nl\\\/?page_id=1760#primaryimage\"},\"thumbnailUrl\":\"https:\\\/\\\/www.icthealth.nl\\\/wp-content\\\/uploads\\\/2017\\\/11\\\/Bart-Timmers-1-150x150.jpg\",\"datePublished\":\"2020-02-12T15:32:00+00:00\",\"dateModified\":\"2020-02-14T15:35:48+00:00\",\"breadcrumb\":{\"@id\":\"https:\\\/\\\/www.barttimmers.nl\\\/?page_id=1760#breadcrumb\"},\"inLanguage\":\"nl-NL\",\"potentialAction\":[{\"@type\":\"ReadAction\",\"target\":[\"https:\\\/\\\/www.barttimmers.nl\\\/?page_id=1760\"]}]},{\"@type\":\"ImageObject\",\"inLanguage\":\"nl-NL\",\"@id\":\"https:\\\/\\\/www.barttimmers.nl\\\/?page_id=1760#primaryimage\",\"url\":\"https:\\\/\\\/www.icthealth.nl\\\/wp-content\\\/uploads\\\/2017\\\/11\\\/Bart-Timmers-1-150x150.jpg\",\"contentUrl\":\"https:\\\/\\\/www.icthealth.nl\\\/wp-content\\\/uploads\\\/2017\\\/11\\\/Bart-Timmers-1-150x150.jpg\"},{\"@type\":\"BreadcrumbList\",\"@id\":\"https:\\\/\\\/www.barttimmers.nl\\\/?page_id=1760#breadcrumb\",\"itemListElement\":[{\"@type\":\"ListItem\",\"position\":1,\"name\":\"Home\",\"item\":\"https:\\\/\\\/www.barttimmers.nl\\\/\"},{\"@type\":\"ListItem\",\"position\":2,\"name\":\"Blog ICT&#038;Health februari 2020\"}]},{\"@type\":\"WebSite\",\"@id\":\"https:\\\/\\\/www.barttimmers.nl\\\/#website\",\"url\":\"https:\\\/\\\/www.barttimmers.nl\\\/\",\"name\":\"Muziek en meer\",\"description\":\"Get into the groove.... Bart wil iets delen\",\"potentialAction\":[{\"@type\":\"SearchAction\",\"target\":{\"@type\":\"EntryPoint\",\"urlTemplate\":\"https:\\\/\\\/www.barttimmers.nl\\\/?s={search_term_string}\"},\"query-input\":{\"@type\":\"PropertyValueSpecification\",\"valueRequired\":true,\"valueName\":\"search_term_string\"}}],\"inLanguage\":\"nl-NL\"}]}<\/script>\n<!-- \/ Yoast SEO plugin. -->","yoast_head_json":{"title":"Blog ICT&Health februari 2020 - Muziek en meer","robots":{"index":"index","follow":"follow","max-snippet":"max-snippet:-1","max-image-preview":"max-image-preview:large","max-video-preview":"max-video-preview:-1"},"canonical":"https:\/\/www.barttimmers.nl\/?page_id=1760","og_locale":"nl_NL","og_type":"article","og_title":"Blog ICT&Health februari 2020 - Muziek en meer","og_url":"https:\/\/www.barttimmers.nl\/?page_id=1760","og_site_name":"Muziek en meer","article_modified_time":"2020-02-14T15:35:48+00:00","og_image":[{"url":"https:\/\/www.icthealth.nl\/wp-content\/uploads\/2017\/11\/Bart-Timmers-1-150x150.jpg","type":"","width":"","height":""}],"twitter_card":"summary_large_image","twitter_misc":{"Geschatte leestijd":"2 minuten"},"schema":{"@context":"https:\/\/schema.org","@graph":[{"@type":"WebPage","@id":"https:\/\/www.barttimmers.nl\/?page_id=1760","url":"https:\/\/www.barttimmers.nl\/?page_id=1760","name":"Blog ICT&Health februari 2020 - Muziek en meer","isPartOf":{"@id":"https:\/\/www.barttimmers.nl\/#website"},"primaryImageOfPage":{"@id":"https:\/\/www.barttimmers.nl\/?page_id=1760#primaryimage"},"image":{"@id":"https:\/\/www.barttimmers.nl\/?page_id=1760#primaryimage"},"thumbnailUrl":"https:\/\/www.icthealth.nl\/wp-content\/uploads\/2017\/11\/Bart-Timmers-1-150x150.jpg","datePublished":"2020-02-12T15:32:00+00:00","dateModified":"2020-02-14T15:35:48+00:00","breadcrumb":{"@id":"https:\/\/www.barttimmers.nl\/?page_id=1760#breadcrumb"},"inLanguage":"nl-NL","potentialAction":[{"@type":"ReadAction","target":["https:\/\/www.barttimmers.nl\/?page_id=1760"]}]},{"@type":"ImageObject","inLanguage":"nl-NL","@id":"https:\/\/www.barttimmers.nl\/?page_id=1760#primaryimage","url":"https:\/\/www.icthealth.nl\/wp-content\/uploads\/2017\/11\/Bart-Timmers-1-150x150.jpg","contentUrl":"https:\/\/www.icthealth.nl\/wp-content\/uploads\/2017\/11\/Bart-Timmers-1-150x150.jpg"},{"@type":"BreadcrumbList","@id":"https:\/\/www.barttimmers.nl\/?page_id=1760#breadcrumb","itemListElement":[{"@type":"ListItem","position":1,"name":"Home","item":"https:\/\/www.barttimmers.nl\/"},{"@type":"ListItem","position":2,"name":"Blog ICT&#038;Health februari 2020"}]},{"@type":"WebSite","@id":"https:\/\/www.barttimmers.nl\/#website","url":"https:\/\/www.barttimmers.nl\/","name":"Muziek en meer","description":"Get into the groove.... Bart wil iets delen","potentialAction":[{"@type":"SearchAction","target":{"@type":"EntryPoint","urlTemplate":"https:\/\/www.barttimmers.nl\/?s={search_term_string}"},"query-input":{"@type":"PropertyValueSpecification","valueRequired":true,"valueName":"search_term_string"}}],"inLanguage":"nl-NL"}]}},"_links":{"self":[{"href":"https:\/\/www.barttimmers.nl\/index.php?rest_route=\/wp\/v2\/pages\/1760","targetHints":{"allow":["GET"]}}],"collection":[{"href":"https:\/\/www.barttimmers.nl\/index.php?rest_route=\/wp\/v2\/pages"}],"about":[{"href":"https:\/\/www.barttimmers.nl\/index.php?rest_route=\/wp\/v2\/types\/page"}],"author":[{"embeddable":true,"href":"https:\/\/www.barttimmers.nl\/index.php?rest_route=\/wp\/v2\/users\/1"}],"replies":[{"embeddable":true,"href":"https:\/\/www.barttimmers.nl\/index.php?rest_route=%2Fwp%2Fv2%2Fcomments&post=1760"}],"version-history":[{"count":2,"href":"https:\/\/www.barttimmers.nl\/index.php?rest_route=\/wp\/v2\/pages\/1760\/revisions"}],"predecessor-version":[{"id":1763,"href":"https:\/\/www.barttimmers.nl\/index.php?rest_route=\/wp\/v2\/pages\/1760\/revisions\/1763"}],"wp:attachment":[{"href":"https:\/\/www.barttimmers.nl\/index.php?rest_route=%2Fwp%2Fv2%2Fmedia&parent=1760"}],"curies":[{"name":"wp","href":"https:\/\/api.w.org\/{rel}","templated":true}]}}