{"id":171,"date":"2016-05-31T20:35:31","date_gmt":"2016-05-31T19:35:31","guid":{"rendered":"https:\/\/www.barttimmers.nl\/?page_id=171"},"modified":"2017-02-27T20:39:20","modified_gmt":"2017-02-27T19:39:20","slug":"o-ja-joh-achterdochtige-overwegingen-van-een-progressieve-conservatief","status":"publish","type":"page","link":"https:\/\/www.barttimmers.nl\/?page_id=171","title":{"rendered":"O ja joh? Achterdochtige overwegingen van een progressieve conservatief"},"content":{"rendered":"<div class=\"crumb\">\n<h2>O ja joh? Achterdochtige overwegingen van een progressieve conservatief \u00a0(Column voor Medicijnbalans, van instituut verantwoord medicijngebruik, 31 mei 2016)<\/h2>\n<ul>\n<li class=\"first last\"><a href=\"http:\/\/www.medicijnbalans.nl\/\">Gastcolumn<\/a><\/li>\n<\/ul>\n<\/div>\n<p class=\"date\">Laatste update op 31 mei 2016 om 15u02<\/p>\n<p><img decoding=\"async\" src=\"http:\/\/www.medicijnbalans.nl\/content\/articles\/50799\/img\/web\/Bart_Timmers.jpg\" \/><\/p>\n<p>In mijn eerste jaren als huisarts vond ik het erg belangrijk om nieuwe middelen voor te schrijven. Als er nieuwe informatie beschikbaar kwam was de gedachte al snel: hier kunnen mijn pati\u00ebnten van profiteren, dit wil ik ze geven. Nieuwe middelen zaten best snel in de pen. Ik las alles wat los en vast zat over die middelen, maar ontving ook artsenbezoekers die met hun informatie langskwamen. Hoe meer informatie, hoe beter was de gedachte.<\/p>\n<p>Gek op nieuwe zaken ben ik nog steeds. Of het nu ontwikkelingen in de geneeskunde zijn, technische snufjes, muziek, apps, al dan niet medische gadgets, nieuwe medische apparatuur, eHealth, films of boeken: als er iets nieuws is wil ik het weten en is de gedachte al snel: wat zou ik er mee kunnen? En toch ben ik voor nieuwe medicijnen een heel stuk conservatiever geworden.<\/p>\n<p>Toen ik voor het eerst geconfronteerd werd met medicijnen die van de markt werden gehaald, was ik geschokt. Dit waren middelen waar ik veel van verwachtte, die goede &#8216;papieren&#8217; hadden, waarvan ik hoopte dat ik meer patienten sneller en beter zou kunnen laten genezen. Niks daarvan. Hartfalen, osteoporose, leverschade, plotse hartdood. Dat waren de onverwachte bijwerkingen. En ik had wat uit te leggen aan de mensen die dat middel plots niet meer konden krijgen. Had ik niet goed opgelet? En die studies dan, die ik gelezen had? Die logen er toch niet om?<\/p>\n<p>Inmiddels is de tijd die ik achter me heb liggen als huisarts waarschijnlijk langer dan de tijd die ik beroepshalve nog te gaan heb. En is mijn houding heel anders geworden. Over nieuwe middelen lees ik nog steeds met enig enthousiasme en vol verwachting. Maar de gedachte die er bij is gekomen is die van &#8216;eerst zien, dan geloven&#8217;. Waarmee ik bedoel: laten we eerst maar eens heel voorzichtig kijken of het middel waar maakt wat het belooft. Laten we ook maar eens zien of het middel op langere termijn ook veilig is en blijft. Ik ben een beetje achterdochtig geworden. Ik ben ook bescheidener geworden. Ik weet m\u00e9\u00e9r dan vroeger en een van de dingen die ik weet is dat ik veel m\u00ednder weet dan ik dacht dat ik wist. (Ja, lees die zin nog maar eens over). Ik heb ook niet meer de illusie dat ik z\u00e9lf al die studies goed uit kan pluizen. Ik vaar op andere knappe koppen, die onze NHG-standaarden bij elkaar denken. Of die studies uitpluizen en daarover schrijven in het Geneesmiddelenbulletin, of het Farmacotherapeutisch Kompas. Ik ben een progressieve conservatief geworden: nieuwsgierig naar wat er is en komen gaat. Maar ik weet wat we hebben en vertrouw nog lange tijd op dat wat bewezen werkzaam en relatief veilig is. Knappe jongen die daar nog iets aan kan veranderen.<\/p>\n<p>Wel fijn dat die knappe jongens (en meisjes) er gelukkig nog met enige regelmaat blijken te zijn. Want uiteindelijk wil natuurlijk ook deze conservatief vooruit!<\/p>\n<p>Bart Timmers is huisarts en huisarts-opleider te &#8216;s-Heerenberg<\/p>\n<p><em>Columns op MedicijnBalans worden geschreven op persoonlijke titel van de auteurs. MedicijnBalans heeft geen invloed op de inhoud. Uiteraard staat het eenieder vrij om de columns te bediscussi\u00ebren.<\/em><\/p>\n","protected":false},"excerpt":{"rendered":"<p>O ja joh? Achterdochtige overwegingen van een progressieve conservatief \u00a0(Column voor Medicijnbalans, van instituut verantwoord medicijngebruik, 31 mei 2016) Gastcolumn Laatste update op 31 mei 2016 om 15u02 In mijn eerste jaren als huisarts vond ik het erg belangrijk om nieuwe middelen voor te schrijven. Als er nieuwe informatie beschikbaar kwam was de gedachte al&hellip;&nbsp;<a href=\"https:\/\/www.barttimmers.nl\/?page_id=171\" rel=\"bookmark\">Lees verder &raquo;<span class=\"screen-reader-text\">O ja joh? Achterdochtige overwegingen van een progressieve conservatief<\/span><\/a><\/p>\n","protected":false},"author":1,"featured_media":0,"parent":0,"menu_order":0,"comment_status":"closed","ping_status":"closed","template":"","meta":{"neve_meta_sidebar":"","neve_meta_container":"","neve_meta_enable_content_width":"","neve_meta_content_width":0,"neve_meta_title_alignment":"","neve_meta_author_avatar":"","neve_post_elements_order":"","neve_meta_disable_header":"","neve_meta_disable_footer":"","neve_meta_disable_title":"","_themeisle_gutenberg_block_has_review":false,"footnotes":""},"class_list":["post-171","page","type-page","status-publish","hentry"],"yoast_head":"<!-- This site is optimized with the Yoast SEO plugin v27.4 - https:\/\/yoast.com\/product\/yoast-seo-wordpress\/ -->\n<title>O ja joh? Achterdochtige overwegingen van een progressieve conservatief - Muziek en meer<\/title>\n<meta name=\"robots\" content=\"index, follow, max-snippet:-1, max-image-preview:large, max-video-preview:-1\" \/>\n<link rel=\"canonical\" href=\"https:\/\/www.barttimmers.nl\/?page_id=171\" \/>\n<meta property=\"og:locale\" content=\"nl_NL\" \/>\n<meta property=\"og:type\" content=\"article\" \/>\n<meta property=\"og:title\" content=\"O ja joh? Achterdochtige overwegingen van een progressieve conservatief - Muziek en meer\" \/>\n<meta property=\"og:description\" content=\"O ja joh? Achterdochtige overwegingen van een progressieve conservatief \u00a0(Column voor Medicijnbalans, van instituut verantwoord medicijngebruik, 31 mei 2016) Gastcolumn Laatste update op 31 mei 2016 om 15u02 In mijn eerste jaren als huisarts vond ik het erg belangrijk om nieuwe middelen voor te schrijven. Als er nieuwe informatie beschikbaar kwam was de gedachte al&hellip;&nbsp;Lees verder &raquo;O ja joh? Achterdochtige overwegingen van een progressieve conservatief\" \/>\n<meta property=\"og:url\" content=\"https:\/\/www.barttimmers.nl\/?page_id=171\" \/>\n<meta property=\"og:site_name\" content=\"Muziek en meer\" \/>\n<meta property=\"article:modified_time\" content=\"2017-02-27T19:39:20+00:00\" \/>\n<meta property=\"og:image\" content=\"http:\/\/www.medicijnbalans.nl\/content\/articles\/50799\/img\/web\/Bart_Timmers.jpg\" \/>\n<meta name=\"twitter:card\" content=\"summary_large_image\" \/>\n<meta name=\"twitter:label1\" content=\"Geschatte leestijd\" \/>\n\t<meta name=\"twitter:data1\" content=\"3 minuten\" \/>\n<script type=\"application\/ld+json\" class=\"yoast-schema-graph\">{\"@context\":\"https:\\\/\\\/schema.org\",\"@graph\":[{\"@type\":\"WebPage\",\"@id\":\"https:\\\/\\\/www.barttimmers.nl\\\/?page_id=171\",\"url\":\"https:\\\/\\\/www.barttimmers.nl\\\/?page_id=171\",\"name\":\"O ja joh? Achterdochtige overwegingen van een progressieve conservatief - Muziek en meer\",\"isPartOf\":{\"@id\":\"https:\\\/\\\/www.barttimmers.nl\\\/#website\"},\"primaryImageOfPage\":{\"@id\":\"https:\\\/\\\/www.barttimmers.nl\\\/?page_id=171#primaryimage\"},\"image\":{\"@id\":\"https:\\\/\\\/www.barttimmers.nl\\\/?page_id=171#primaryimage\"},\"thumbnailUrl\":\"http:\\\/\\\/www.medicijnbalans.nl\\\/content\\\/articles\\\/50799\\\/img\\\/web\\\/Bart_Timmers.jpg\",\"datePublished\":\"2016-05-31T19:35:31+00:00\",\"dateModified\":\"2017-02-27T19:39:20+00:00\",\"breadcrumb\":{\"@id\":\"https:\\\/\\\/www.barttimmers.nl\\\/?page_id=171#breadcrumb\"},\"inLanguage\":\"nl-NL\",\"potentialAction\":[{\"@type\":\"ReadAction\",\"target\":[\"https:\\\/\\\/www.barttimmers.nl\\\/?page_id=171\"]}]},{\"@type\":\"ImageObject\",\"inLanguage\":\"nl-NL\",\"@id\":\"https:\\\/\\\/www.barttimmers.nl\\\/?page_id=171#primaryimage\",\"url\":\"http:\\\/\\\/www.medicijnbalans.nl\\\/content\\\/articles\\\/50799\\\/img\\\/web\\\/Bart_Timmers.jpg\",\"contentUrl\":\"http:\\\/\\\/www.medicijnbalans.nl\\\/content\\\/articles\\\/50799\\\/img\\\/web\\\/Bart_Timmers.jpg\"},{\"@type\":\"BreadcrumbList\",\"@id\":\"https:\\\/\\\/www.barttimmers.nl\\\/?page_id=171#breadcrumb\",\"itemListElement\":[{\"@type\":\"ListItem\",\"position\":1,\"name\":\"Home\",\"item\":\"https:\\\/\\\/www.barttimmers.nl\\\/\"},{\"@type\":\"ListItem\",\"position\":2,\"name\":\"O ja joh? Achterdochtige overwegingen van een progressieve conservatief\"}]},{\"@type\":\"WebSite\",\"@id\":\"https:\\\/\\\/www.barttimmers.nl\\\/#website\",\"url\":\"https:\\\/\\\/www.barttimmers.nl\\\/\",\"name\":\"Muziek en meer\",\"description\":\"Get into the groove.... Bart wil iets delen\",\"potentialAction\":[{\"@type\":\"SearchAction\",\"target\":{\"@type\":\"EntryPoint\",\"urlTemplate\":\"https:\\\/\\\/www.barttimmers.nl\\\/?s={search_term_string}\"},\"query-input\":{\"@type\":\"PropertyValueSpecification\",\"valueRequired\":true,\"valueName\":\"search_term_string\"}}],\"inLanguage\":\"nl-NL\"}]}<\/script>\n<!-- \/ Yoast SEO plugin. -->","yoast_head_json":{"title":"O ja joh? Achterdochtige overwegingen van een progressieve conservatief - Muziek en meer","robots":{"index":"index","follow":"follow","max-snippet":"max-snippet:-1","max-image-preview":"max-image-preview:large","max-video-preview":"max-video-preview:-1"},"canonical":"https:\/\/www.barttimmers.nl\/?page_id=171","og_locale":"nl_NL","og_type":"article","og_title":"O ja joh? Achterdochtige overwegingen van een progressieve conservatief - Muziek en meer","og_description":"O ja joh? Achterdochtige overwegingen van een progressieve conservatief \u00a0(Column voor Medicijnbalans, van instituut verantwoord medicijngebruik, 31 mei 2016) Gastcolumn Laatste update op 31 mei 2016 om 15u02 In mijn eerste jaren als huisarts vond ik het erg belangrijk om nieuwe middelen voor te schrijven. Als er nieuwe informatie beschikbaar kwam was de gedachte al&hellip;&nbsp;Lees verder &raquo;O ja joh? Achterdochtige overwegingen van een progressieve conservatief","og_url":"https:\/\/www.barttimmers.nl\/?page_id=171","og_site_name":"Muziek en meer","article_modified_time":"2017-02-27T19:39:20+00:00","og_image":[{"url":"http:\/\/www.medicijnbalans.nl\/content\/articles\/50799\/img\/web\/Bart_Timmers.jpg","type":"","width":"","height":""}],"twitter_card":"summary_large_image","twitter_misc":{"Geschatte leestijd":"3 minuten"},"schema":{"@context":"https:\/\/schema.org","@graph":[{"@type":"WebPage","@id":"https:\/\/www.barttimmers.nl\/?page_id=171","url":"https:\/\/www.barttimmers.nl\/?page_id=171","name":"O ja joh? Achterdochtige overwegingen van een progressieve conservatief - Muziek en meer","isPartOf":{"@id":"https:\/\/www.barttimmers.nl\/#website"},"primaryImageOfPage":{"@id":"https:\/\/www.barttimmers.nl\/?page_id=171#primaryimage"},"image":{"@id":"https:\/\/www.barttimmers.nl\/?page_id=171#primaryimage"},"thumbnailUrl":"http:\/\/www.medicijnbalans.nl\/content\/articles\/50799\/img\/web\/Bart_Timmers.jpg","datePublished":"2016-05-31T19:35:31+00:00","dateModified":"2017-02-27T19:39:20+00:00","breadcrumb":{"@id":"https:\/\/www.barttimmers.nl\/?page_id=171#breadcrumb"},"inLanguage":"nl-NL","potentialAction":[{"@type":"ReadAction","target":["https:\/\/www.barttimmers.nl\/?page_id=171"]}]},{"@type":"ImageObject","inLanguage":"nl-NL","@id":"https:\/\/www.barttimmers.nl\/?page_id=171#primaryimage","url":"http:\/\/www.medicijnbalans.nl\/content\/articles\/50799\/img\/web\/Bart_Timmers.jpg","contentUrl":"http:\/\/www.medicijnbalans.nl\/content\/articles\/50799\/img\/web\/Bart_Timmers.jpg"},{"@type":"BreadcrumbList","@id":"https:\/\/www.barttimmers.nl\/?page_id=171#breadcrumb","itemListElement":[{"@type":"ListItem","position":1,"name":"Home","item":"https:\/\/www.barttimmers.nl\/"},{"@type":"ListItem","position":2,"name":"O ja joh? Achterdochtige overwegingen van een progressieve conservatief"}]},{"@type":"WebSite","@id":"https:\/\/www.barttimmers.nl\/#website","url":"https:\/\/www.barttimmers.nl\/","name":"Muziek en meer","description":"Get into the groove.... Bart wil iets delen","potentialAction":[{"@type":"SearchAction","target":{"@type":"EntryPoint","urlTemplate":"https:\/\/www.barttimmers.nl\/?s={search_term_string}"},"query-input":{"@type":"PropertyValueSpecification","valueRequired":true,"valueName":"search_term_string"}}],"inLanguage":"nl-NL"}]}},"_links":{"self":[{"href":"https:\/\/www.barttimmers.nl\/index.php?rest_route=\/wp\/v2\/pages\/171","targetHints":{"allow":["GET"]}}],"collection":[{"href":"https:\/\/www.barttimmers.nl\/index.php?rest_route=\/wp\/v2\/pages"}],"about":[{"href":"https:\/\/www.barttimmers.nl\/index.php?rest_route=\/wp\/v2\/types\/page"}],"author":[{"embeddable":true,"href":"https:\/\/www.barttimmers.nl\/index.php?rest_route=\/wp\/v2\/users\/1"}],"replies":[{"embeddable":true,"href":"https:\/\/www.barttimmers.nl\/index.php?rest_route=%2Fwp%2Fv2%2Fcomments&post=171"}],"version-history":[{"count":1,"href":"https:\/\/www.barttimmers.nl\/index.php?rest_route=\/wp\/v2\/pages\/171\/revisions"}],"predecessor-version":[{"id":173,"href":"https:\/\/www.barttimmers.nl\/index.php?rest_route=\/wp\/v2\/pages\/171\/revisions\/173"}],"wp:attachment":[{"href":"https:\/\/www.barttimmers.nl\/index.php?rest_route=%2Fwp%2Fv2%2Fmedia&parent=171"}],"curies":[{"name":"wp","href":"https:\/\/api.w.org\/{rel}","templated":true}]}}