{"id":1483,"date":"2019-05-06T18:21:47","date_gmt":"2019-05-06T17:21:47","guid":{"rendered":"https:\/\/www.barttimmers.nl\/?page_id=1483"},"modified":"2019-05-08T18:23:50","modified_gmt":"2019-05-08T17:23:50","slug":"blog-medisch-contact-gootsteenonderhoud","status":"publish","type":"page","link":"https:\/\/www.barttimmers.nl\/?page_id=1483","title":{"rendered":"Blog Medisch Contact &#8220;Gootsteenonderhoud&#8221;"},"content":{"rendered":"\n<p><a href=\"https:\/\/www.medischcontact.nl\/opinie\/blogs-columns\/blog\/uw-gootsteenonderhoud-moet-echt-veel-beter.htm\">https:\/\/www.medischcontact.nl\/opinie\/blogs-columns\/blog\/uw-gootsteenonderhoud-moet-echt-veel-beter.htm<\/a><\/p>\n\n\n\n<figure class=\"wp-block-image\"><img decoding=\"async\" src=\"https:\/\/www.medischcontact.nl\/upload_mm\/6\/7\/b\/63027_fullimage_barttimmers500px_150x150_resize_5.jpg\" alt=\"Bart Timmers\"\/><\/figure>\n\n\n\n<p><a href=\"https:\/\/www.medischcontact.nl\/opinie\/blogs-columns\/bloggers-columnisten\/bloggercolumnist\/bart-timmers.htm\">Bart Timmers<\/a>&nbsp;06 mei 2019&nbsp;2 minuten leestijdblog<\/p>\n\n\n\n<h1 class=\"wp-block-heading\">\u2018Uw gootsteenonderhoud moet echt veel beter\u2019<\/h1>\n\n\n\n<p><a href=\"https:\/\/www.medischcontact.nl\/opinie\/blogs-columns\/blog\/uw-gootsteenonderhoud-moet-echt-veel-beter.htm#reacties\">6 reacties<\/a><\/p>\n\n\n\n<p>Overleg met de loodgieter. Het afvoerputje loopt niet lekker door. De spoelbak begint af en toe vol te lopen en dat kan nooit de bedoeling zijn. Zoals het een beetje vakman betaamt, kijkt hij eens licht afkeurend over zijn brilletje, tikt wat hier en daar, zucht en zuigt wat lucht door zijn getuite lippen, zijn hoofd ondertussen lichtjes schuddend. Tsja, dit is vragen om problemen h\u00e8? Geen goed gootsteenonderhoud!<\/p>\n\n\n\n<p>Gootsteenonderhoud? Wat krijgen we nu? Vertel me meer!<\/p>\n\n\n\n<p>Kijk meneer, zo\u2019n afvoerputje, dat heeft maar een beperkte capaciteit. Dus als u daar te veel rommel doorheen wil persen, dat gaat niet h\u00e8? En als u dan niet \u00e9\u00e9n, maar veertien kranen openzet, dat gaat ook niet h\u00e8? U wilt gewoon te veel. Uw gootsteenonderhoud moet echt veel beter. Want wat gaan we anders krijgen meneer? Dan stroomt de rommel weer terug! Dan gaat het hele systeem verstoppen.&nbsp;<\/p>\n\n\n\n<p>Kijk, u moet het zo zien: zo\u2019n afvoerputje, dat is eigenlijk net een huisartsenpraktijk. Allerlei gezondheidsproblemen stromen uw praktijk binnen. En dat stroomt dan lekker door. Maar stel nou dat er dan steeds meer kranen bij komen. Dan moet het putje groter. Want het moet blijven lopen h\u00e8?&nbsp;<\/p>\n\n\n\n<p>Dus als u dan ook de wachtlijsten van de verpleeghuizen en thuiszorg erbij krijgt, en al die steeds snellere terugverwijzingen uit de tweede lijn, en ketenzorg, POH-ggz, substitutie, budgetbeperkingen op scholen, in de ggz om maar eens wat te noemen, dan moet het wel blijven stromen h\u00e8?&nbsp;<\/p>\n\n\n\n<p>Maar wat zien we vaak? Dat er rommel in het putje komt. Rommel meneer! En dan stroomt het niet meer! Dus als uw afvoer dan vol komt met onnodige consulten over preferentiebeleid, of over niet-leverbare medicijnen, of over verwijsbrieven die voor de derde keer overnieuw moeten, of met om hulp roepende pati\u00ebnten die meer dan een jaar op de ggz moeten wachten of met ICT die steeds verder achter gaat lopen of problemen met de jeugd-ggz of\u2026<\/p>\n\n\n\n<p>Jajaja, laat u maar mijnheer de loodgieter, ik heb een beeld, ik heb een beeld. Ik snap het. Het is eigenlijk vrij logisch allemaal. Gootsteenonderhoud. Het is bittere noodzaak. Want voor je het weet staat je keuken blank. En zie het dan maar weer eens netjes te krijgen. Dank u voor deze wijze les.<\/p>\n","protected":false},"excerpt":{"rendered":"<p>https:\/\/www.medischcontact.nl\/opinie\/blogs-columns\/blog\/uw-gootsteenonderhoud-moet-echt-veel-beter.htm Bart Timmers&nbsp;06 mei 2019&nbsp;2 minuten leestijdblog \u2018Uw gootsteenonderhoud moet echt veel beter\u2019 6 reacties Overleg met de loodgieter. Het afvoerputje loopt niet lekker door. De spoelbak begint af en toe vol te lopen en dat kan nooit de bedoeling zijn. Zoals het een beetje vakman betaamt, kijkt hij eens licht afkeurend over zijn brilletje,&hellip;&nbsp;<a href=\"https:\/\/www.barttimmers.nl\/?page_id=1483\" rel=\"bookmark\">Lees verder &raquo;<span class=\"screen-reader-text\">Blog Medisch Contact &#8220;Gootsteenonderhoud&#8221;<\/span><\/a><\/p>\n","protected":false},"author":1,"featured_media":0,"parent":0,"menu_order":0,"comment_status":"closed","ping_status":"closed","template":"","meta":{"neve_meta_sidebar":"","neve_meta_container":"","neve_meta_enable_content_width":"","neve_meta_content_width":0,"neve_meta_title_alignment":"","neve_meta_author_avatar":"","neve_post_elements_order":"","neve_meta_disable_header":"","neve_meta_disable_footer":"","neve_meta_disable_title":"","_themeisle_gutenberg_block_has_review":false,"footnotes":""},"class_list":["post-1483","page","type-page","status-publish","hentry"],"yoast_head":"<!-- This site is optimized with the Yoast SEO plugin v27.5 - https:\/\/yoast.com\/product\/yoast-seo-wordpress\/ -->\n<title>Blog Medisch Contact &quot;Gootsteenonderhoud&quot; - Muziek en meer<\/title>\n<meta name=\"robots\" content=\"index, follow, max-snippet:-1, max-image-preview:large, max-video-preview:-1\" \/>\n<link rel=\"canonical\" href=\"https:\/\/www.barttimmers.nl\/?page_id=1483\" \/>\n<meta property=\"og:locale\" content=\"nl_NL\" \/>\n<meta property=\"og:type\" content=\"article\" \/>\n<meta property=\"og:title\" content=\"Blog Medisch Contact &quot;Gootsteenonderhoud&quot; - Muziek en meer\" \/>\n<meta property=\"og:description\" content=\"https:\/\/www.medischcontact.nl\/opinie\/blogs-columns\/blog\/uw-gootsteenonderhoud-moet-echt-veel-beter.htm Bart Timmers&nbsp;06 mei 2019&nbsp;2 minuten leestijdblog \u2018Uw gootsteenonderhoud moet echt veel beter\u2019 6 reacties Overleg met de loodgieter. Het afvoerputje loopt niet lekker door. De spoelbak begint af en toe vol te lopen en dat kan nooit de bedoeling zijn. Zoals het een beetje vakman betaamt, kijkt hij eens licht afkeurend over zijn brilletje,&hellip;&nbsp;Lees verder &raquo;Blog Medisch Contact &#8220;Gootsteenonderhoud&#8221;\" \/>\n<meta property=\"og:url\" content=\"https:\/\/www.barttimmers.nl\/?page_id=1483\" \/>\n<meta property=\"og:site_name\" content=\"Muziek en meer\" \/>\n<meta property=\"article:modified_time\" content=\"2019-05-08T17:23:50+00:00\" \/>\n<meta property=\"og:image\" content=\"https:\/\/www.medischcontact.nl\/upload_mm\/6\/7\/b\/63027_fullimage_barttimmers500px_150x150_resize_5.jpg\" \/>\n<meta name=\"twitter:card\" content=\"summary_large_image\" \/>\n<meta name=\"twitter:label1\" content=\"Geschatte leestijd\" \/>\n\t<meta name=\"twitter:data1\" content=\"2 minuten\" \/>\n<script type=\"application\/ld+json\" class=\"yoast-schema-graph\">{\"@context\":\"https:\\\/\\\/schema.org\",\"@graph\":[{\"@type\":\"WebPage\",\"@id\":\"https:\\\/\\\/www.barttimmers.nl\\\/?page_id=1483\",\"url\":\"https:\\\/\\\/www.barttimmers.nl\\\/?page_id=1483\",\"name\":\"Blog Medisch Contact \\\"Gootsteenonderhoud\\\" - Muziek en meer\",\"isPartOf\":{\"@id\":\"https:\\\/\\\/www.barttimmers.nl\\\/#website\"},\"primaryImageOfPage\":{\"@id\":\"https:\\\/\\\/www.barttimmers.nl\\\/?page_id=1483#primaryimage\"},\"image\":{\"@id\":\"https:\\\/\\\/www.barttimmers.nl\\\/?page_id=1483#primaryimage\"},\"thumbnailUrl\":\"https:\\\/\\\/www.medischcontact.nl\\\/upload_mm\\\/6\\\/7\\\/b\\\/63027_fullimage_barttimmers500px_150x150_resize_5.jpg\",\"datePublished\":\"2019-05-06T17:21:47+00:00\",\"dateModified\":\"2019-05-08T17:23:50+00:00\",\"breadcrumb\":{\"@id\":\"https:\\\/\\\/www.barttimmers.nl\\\/?page_id=1483#breadcrumb\"},\"inLanguage\":\"nl-NL\",\"potentialAction\":[{\"@type\":\"ReadAction\",\"target\":[\"https:\\\/\\\/www.barttimmers.nl\\\/?page_id=1483\"]}]},{\"@type\":\"ImageObject\",\"inLanguage\":\"nl-NL\",\"@id\":\"https:\\\/\\\/www.barttimmers.nl\\\/?page_id=1483#primaryimage\",\"url\":\"https:\\\/\\\/www.medischcontact.nl\\\/upload_mm\\\/6\\\/7\\\/b\\\/63027_fullimage_barttimmers500px_150x150_resize_5.jpg\",\"contentUrl\":\"https:\\\/\\\/www.medischcontact.nl\\\/upload_mm\\\/6\\\/7\\\/b\\\/63027_fullimage_barttimmers500px_150x150_resize_5.jpg\"},{\"@type\":\"BreadcrumbList\",\"@id\":\"https:\\\/\\\/www.barttimmers.nl\\\/?page_id=1483#breadcrumb\",\"itemListElement\":[{\"@type\":\"ListItem\",\"position\":1,\"name\":\"Home\",\"item\":\"https:\\\/\\\/www.barttimmers.nl\\\/\"},{\"@type\":\"ListItem\",\"position\":2,\"name\":\"Blog Medisch Contact &#8220;Gootsteenonderhoud&#8221;\"}]},{\"@type\":\"WebSite\",\"@id\":\"https:\\\/\\\/www.barttimmers.nl\\\/#website\",\"url\":\"https:\\\/\\\/www.barttimmers.nl\\\/\",\"name\":\"Muziek en meer\",\"description\":\"Get into the groove.... Bart wil iets delen\",\"potentialAction\":[{\"@type\":\"SearchAction\",\"target\":{\"@type\":\"EntryPoint\",\"urlTemplate\":\"https:\\\/\\\/www.barttimmers.nl\\\/?s={search_term_string}\"},\"query-input\":{\"@type\":\"PropertyValueSpecification\",\"valueRequired\":true,\"valueName\":\"search_term_string\"}}],\"inLanguage\":\"nl-NL\"}]}<\/script>\n<!-- \/ Yoast SEO plugin. -->","yoast_head_json":{"title":"Blog Medisch Contact \"Gootsteenonderhoud\" - Muziek en meer","robots":{"index":"index","follow":"follow","max-snippet":"max-snippet:-1","max-image-preview":"max-image-preview:large","max-video-preview":"max-video-preview:-1"},"canonical":"https:\/\/www.barttimmers.nl\/?page_id=1483","og_locale":"nl_NL","og_type":"article","og_title":"Blog Medisch Contact \"Gootsteenonderhoud\" - Muziek en meer","og_description":"https:\/\/www.medischcontact.nl\/opinie\/blogs-columns\/blog\/uw-gootsteenonderhoud-moet-echt-veel-beter.htm Bart Timmers&nbsp;06 mei 2019&nbsp;2 minuten leestijdblog \u2018Uw gootsteenonderhoud moet echt veel beter\u2019 6 reacties Overleg met de loodgieter. Het afvoerputje loopt niet lekker door. De spoelbak begint af en toe vol te lopen en dat kan nooit de bedoeling zijn. Zoals het een beetje vakman betaamt, kijkt hij eens licht afkeurend over zijn brilletje,&hellip;&nbsp;Lees verder &raquo;Blog Medisch Contact &#8220;Gootsteenonderhoud&#8221;","og_url":"https:\/\/www.barttimmers.nl\/?page_id=1483","og_site_name":"Muziek en meer","article_modified_time":"2019-05-08T17:23:50+00:00","og_image":[{"url":"https:\/\/www.medischcontact.nl\/upload_mm\/6\/7\/b\/63027_fullimage_barttimmers500px_150x150_resize_5.jpg","type":"","width":"","height":""}],"twitter_card":"summary_large_image","twitter_misc":{"Geschatte leestijd":"2 minuten"},"schema":{"@context":"https:\/\/schema.org","@graph":[{"@type":"WebPage","@id":"https:\/\/www.barttimmers.nl\/?page_id=1483","url":"https:\/\/www.barttimmers.nl\/?page_id=1483","name":"Blog Medisch Contact \"Gootsteenonderhoud\" - Muziek en meer","isPartOf":{"@id":"https:\/\/www.barttimmers.nl\/#website"},"primaryImageOfPage":{"@id":"https:\/\/www.barttimmers.nl\/?page_id=1483#primaryimage"},"image":{"@id":"https:\/\/www.barttimmers.nl\/?page_id=1483#primaryimage"},"thumbnailUrl":"https:\/\/www.medischcontact.nl\/upload_mm\/6\/7\/b\/63027_fullimage_barttimmers500px_150x150_resize_5.jpg","datePublished":"2019-05-06T17:21:47+00:00","dateModified":"2019-05-08T17:23:50+00:00","breadcrumb":{"@id":"https:\/\/www.barttimmers.nl\/?page_id=1483#breadcrumb"},"inLanguage":"nl-NL","potentialAction":[{"@type":"ReadAction","target":["https:\/\/www.barttimmers.nl\/?page_id=1483"]}]},{"@type":"ImageObject","inLanguage":"nl-NL","@id":"https:\/\/www.barttimmers.nl\/?page_id=1483#primaryimage","url":"https:\/\/www.medischcontact.nl\/upload_mm\/6\/7\/b\/63027_fullimage_barttimmers500px_150x150_resize_5.jpg","contentUrl":"https:\/\/www.medischcontact.nl\/upload_mm\/6\/7\/b\/63027_fullimage_barttimmers500px_150x150_resize_5.jpg"},{"@type":"BreadcrumbList","@id":"https:\/\/www.barttimmers.nl\/?page_id=1483#breadcrumb","itemListElement":[{"@type":"ListItem","position":1,"name":"Home","item":"https:\/\/www.barttimmers.nl\/"},{"@type":"ListItem","position":2,"name":"Blog Medisch Contact &#8220;Gootsteenonderhoud&#8221;"}]},{"@type":"WebSite","@id":"https:\/\/www.barttimmers.nl\/#website","url":"https:\/\/www.barttimmers.nl\/","name":"Muziek en meer","description":"Get into the groove.... Bart wil iets delen","potentialAction":[{"@type":"SearchAction","target":{"@type":"EntryPoint","urlTemplate":"https:\/\/www.barttimmers.nl\/?s={search_term_string}"},"query-input":{"@type":"PropertyValueSpecification","valueRequired":true,"valueName":"search_term_string"}}],"inLanguage":"nl-NL"}]}},"_links":{"self":[{"href":"https:\/\/www.barttimmers.nl\/index.php?rest_route=\/wp\/v2\/pages\/1483","targetHints":{"allow":["GET"]}}],"collection":[{"href":"https:\/\/www.barttimmers.nl\/index.php?rest_route=\/wp\/v2\/pages"}],"about":[{"href":"https:\/\/www.barttimmers.nl\/index.php?rest_route=\/wp\/v2\/types\/page"}],"author":[{"embeddable":true,"href":"https:\/\/www.barttimmers.nl\/index.php?rest_route=\/wp\/v2\/users\/1"}],"replies":[{"embeddable":true,"href":"https:\/\/www.barttimmers.nl\/index.php?rest_route=%2Fwp%2Fv2%2Fcomments&post=1483"}],"version-history":[{"count":2,"href":"https:\/\/www.barttimmers.nl\/index.php?rest_route=\/wp\/v2\/pages\/1483\/revisions"}],"predecessor-version":[{"id":1486,"href":"https:\/\/www.barttimmers.nl\/index.php?rest_route=\/wp\/v2\/pages\/1483\/revisions\/1486"}],"wp:attachment":[{"href":"https:\/\/www.barttimmers.nl\/index.php?rest_route=%2Fwp%2Fv2%2Fmedia&parent=1483"}],"curies":[{"name":"wp","href":"https:\/\/api.w.org\/{rel}","templated":true}]}}