{"id":1131,"date":"2018-08-26T08:27:36","date_gmt":"2018-08-26T07:27:36","guid":{"rendered":"https:\/\/www.barttimmers.nl\/?page_id=1131"},"modified":"2018-08-26T08:27:36","modified_gmt":"2018-08-26T07:27:36","slug":"blog-zorgkaartnederland-aug-2018","status":"publish","type":"page","link":"https:\/\/www.barttimmers.nl\/?page_id=1131","title":{"rendered":"Blog ZorgkaartNederland aug. 2018"},"content":{"rendered":"<p>https:\/\/www.zorgkaartnederland.nl\/blog\/praktijkaccreditatie-de-koning-te-rijk-of-frustratie<\/p>\n<p>&nbsp;<\/p>\n<h1 class=\"title\">Praktijkaccreditatie. De koning te rijk of frustratie?<\/h1>\n<p>Geplaatst op 14 augustus 2018 door <a href=\"https:\/\/www.zorgkaartnederland.nl\/blog\/auteur\/bart-timmers\" rel=\"author\">Bart Timmers <\/a><span class=\"inline-seperator\">&#8211;<\/span> 346 keer bekeken<\/p>\n<p><img decoding=\"async\" class=\"img-responsive pull-left\" src=\"https:\/\/www.zorgkaartnederland.nl\/cache\/f\/d\/9\/5\/3\/fd953878865691e1e06d8a1a23d91f371cb0857e.png?v109\" alt=\"Foto Praktijkaccreditatie. De koning te rijk of frustratie?\" \/><\/p>\n<p>Goed nieuws: 70% van de huisartsenpraktijk heeft het keurmerk van de NHG praktijkaccreditatie. Maar wat houdt het precies in?<\/p>\n<div>\n<p>Praktijkaccreditatie is eigenlijk een soort keuring van de huisartsenpraktijk. Er wordt heel systematisch onderzocht of de praktijk voldoet aan een aantal vereisten met betrekking tot kwaliteit. Jaarlijks komt er daarvoor een erkende accreditator langs.<\/p>\n<p>Een onderdeel van deze kwaliteitseisen is bijvoorbeeld of je systematisch verbeterplannen opstelt voor je praktijk. Voor mij was dat \u00e9\u00e9n van de belangrijkste redenen om jaren geleden onze praktijk aan te melden. Verbeteren is ten dele op tijd inspringen op de (snelle) veranderingen in de praktijk. Maar meer nog vooruitdenken en verbeteren waar het ook echt beter kan.<\/p>\n<p>Een ander belangrijk onderdeel is de vraag of je wel regelmatig pati\u00ebntenenquetes houdt. Enkele tientallen pati\u00ebnten ontvangen dan een vragenlijst met het verzoek deze in te vullen. Voor ons als praktijk erg waardevol, maar ik ben zelf vaak kritischer dan de antwoorden die ik terugkrijg. Toch is het ook wel heel erg fijn om positieve kritiek terug te krijgen natuurlijk!<\/p>\n<p>Als huisarts moet ik bekennen dat ik een beetje dubbel tegenover die accreditatie sta. Netto ben ik er gewoon erg blij mee. Maar het kost ook wel erg veel tijd en geld om naar buiten toe duidelijk te maken w\u00e1t je nu aan kwaliteit levert. Alles moet expliciet opgeschreven worden. Er zijn tientallen protocollen in de praktijk die we in de dagelijkse realiteit nooit erbij pakken, omdat ze zo vanzelfsprekend zijn. Maar ze moeten wel allemaal jaarlijks weer worden doorgenomen en aangepast. En toen ik een van de accreditatoren eens vroeg waarom ik niets positiefs hoorde over de destijds net nieuwe mooie informatieborden die we in de wachtkamers hadden, kreeg ik doodleuk te horen: &#8220;Ja, maar dat staat niet in de accreditatie-eisen&#8221;.<\/p>\n<p>Een laatste voorbeeldje zijn de handdoeken op de spreekkamers. In de regels staat dat een handdoek onhygi\u00ebnisch is om je handen mee af te drogen. Papier is beter. Bij ons hangen ze daar echter om over de schouder van een pat\u00ebnt te doen als we oren uitspuiten. Uitleggen dat we ze alleen voor dit doel gebruiken bleek niet voldoende. En dus halen we ze even weg en hangen we ze de dag erna weer op. Niet verder vertellen hoor!<\/p>\n<p>Kortom: soms hebben we wel eens het gevoel dat de regeltjes er zijn voor de regeltjes. Maar voor het grootste deel vinden we dat praktijkaccreditatie bijdraagt aan het systematisch verbeteren van onze praktijk. En die pati\u00ebntenenqu\u00eates zijn voor ons belangrijk. Maar n\u00f3g belangrijker is wat we iedere maand in ons werkoverleg als vaste vraag stellen: horen of merken jullie nog opmerkingen van pati\u00ebnten? Want regeltjes kunnen nooit je eigen kritische blik en wil om te verbeteren vervangen.<\/p>\n<p>Lees ook: <a href=\"https:\/\/www.zorgkaartnederland.nl\/feiten-en-cijfers\/heeft-uw-huisartsenpraktijk-het-nhg-keurmerk\">Heeft uw huisartsenpraktijk het NHG-keurmerk?<\/a><\/p>\n<\/div>\n","protected":false},"excerpt":{"rendered":"<p>https:\/\/www.zorgkaartnederland.nl\/blog\/praktijkaccreditatie-de-koning-te-rijk-of-frustratie &nbsp; Praktijkaccreditatie. De koning te rijk of frustratie? Geplaatst op 14 augustus 2018 door Bart Timmers &#8211; 346 keer bekeken Goed nieuws: 70% van de huisartsenpraktijk heeft het keurmerk van de NHG praktijkaccreditatie. Maar wat houdt het precies in? Praktijkaccreditatie is eigenlijk een soort keuring van de huisartsenpraktijk. Er wordt heel systematisch onderzocht of&hellip;&nbsp;<a href=\"https:\/\/www.barttimmers.nl\/?page_id=1131\" rel=\"bookmark\">Lees verder &raquo;<span class=\"screen-reader-text\">Blog ZorgkaartNederland aug. 2018<\/span><\/a><\/p>\n","protected":false},"author":1,"featured_media":0,"parent":0,"menu_order":0,"comment_status":"closed","ping_status":"closed","template":"","meta":{"neve_meta_sidebar":"","neve_meta_container":"","neve_meta_enable_content_width":"","neve_meta_content_width":0,"neve_meta_title_alignment":"","neve_meta_author_avatar":"","neve_post_elements_order":"","neve_meta_disable_header":"","neve_meta_disable_footer":"","neve_meta_disable_title":"","_themeisle_gutenberg_block_has_review":false,"footnotes":""},"class_list":["post-1131","page","type-page","status-publish","hentry"],"yoast_head":"<!-- This site is optimized with the Yoast SEO plugin v27.5 - https:\/\/yoast.com\/product\/yoast-seo-wordpress\/ -->\n<title>Blog ZorgkaartNederland aug. 2018 - Muziek en meer<\/title>\n<meta name=\"robots\" content=\"index, follow, max-snippet:-1, max-image-preview:large, max-video-preview:-1\" \/>\n<link rel=\"canonical\" href=\"https:\/\/www.barttimmers.nl\/?page_id=1131\" \/>\n<meta property=\"og:locale\" content=\"nl_NL\" \/>\n<meta property=\"og:type\" content=\"article\" \/>\n<meta property=\"og:title\" content=\"Blog ZorgkaartNederland aug. 2018 - Muziek en meer\" \/>\n<meta property=\"og:description\" content=\"https:\/\/www.zorgkaartnederland.nl\/blog\/praktijkaccreditatie-de-koning-te-rijk-of-frustratie &nbsp; Praktijkaccreditatie. De koning te rijk of frustratie? Geplaatst op 14 augustus 2018 door Bart Timmers &#8211; 346 keer bekeken Goed nieuws: 70% van de huisartsenpraktijk heeft het keurmerk van de NHG praktijkaccreditatie. Maar wat houdt het precies in? Praktijkaccreditatie is eigenlijk een soort keuring van de huisartsenpraktijk. Er wordt heel systematisch onderzocht of&hellip;&nbsp;Lees verder &raquo;Blog ZorgkaartNederland aug. 2018\" \/>\n<meta property=\"og:url\" content=\"https:\/\/www.barttimmers.nl\/?page_id=1131\" \/>\n<meta property=\"og:site_name\" content=\"Muziek en meer\" \/>\n<meta property=\"og:image\" content=\"https:\/\/www.zorgkaartnederland.nl\/cache\/f\/d\/9\/5\/3\/fd953878865691e1e06d8a1a23d91f371cb0857e.png?v109\" \/>\n<meta name=\"twitter:card\" content=\"summary_large_image\" \/>\n<meta name=\"twitter:label1\" content=\"Geschatte leestijd\" \/>\n\t<meta name=\"twitter:data1\" content=\"2 minuten\" \/>\n<script type=\"application\/ld+json\" class=\"yoast-schema-graph\">{\"@context\":\"https:\\\/\\\/schema.org\",\"@graph\":[{\"@type\":\"WebPage\",\"@id\":\"https:\\\/\\\/www.barttimmers.nl\\\/?page_id=1131\",\"url\":\"https:\\\/\\\/www.barttimmers.nl\\\/?page_id=1131\",\"name\":\"Blog ZorgkaartNederland aug. 2018 - Muziek en meer\",\"isPartOf\":{\"@id\":\"https:\\\/\\\/www.barttimmers.nl\\\/#website\"},\"primaryImageOfPage\":{\"@id\":\"https:\\\/\\\/www.barttimmers.nl\\\/?page_id=1131#primaryimage\"},\"image\":{\"@id\":\"https:\\\/\\\/www.barttimmers.nl\\\/?page_id=1131#primaryimage\"},\"thumbnailUrl\":\"https:\\\/\\\/www.zorgkaartnederland.nl\\\/cache\\\/f\\\/d\\\/9\\\/5\\\/3\\\/fd953878865691e1e06d8a1a23d91f371cb0857e.png?v109\",\"datePublished\":\"2018-08-26T07:27:36+00:00\",\"breadcrumb\":{\"@id\":\"https:\\\/\\\/www.barttimmers.nl\\\/?page_id=1131#breadcrumb\"},\"inLanguage\":\"nl-NL\",\"potentialAction\":[{\"@type\":\"ReadAction\",\"target\":[\"https:\\\/\\\/www.barttimmers.nl\\\/?page_id=1131\"]}]},{\"@type\":\"ImageObject\",\"inLanguage\":\"nl-NL\",\"@id\":\"https:\\\/\\\/www.barttimmers.nl\\\/?page_id=1131#primaryimage\",\"url\":\"https:\\\/\\\/www.zorgkaartnederland.nl\\\/cache\\\/f\\\/d\\\/9\\\/5\\\/3\\\/fd953878865691e1e06d8a1a23d91f371cb0857e.png?v109\",\"contentUrl\":\"https:\\\/\\\/www.zorgkaartnederland.nl\\\/cache\\\/f\\\/d\\\/9\\\/5\\\/3\\\/fd953878865691e1e06d8a1a23d91f371cb0857e.png?v109\"},{\"@type\":\"BreadcrumbList\",\"@id\":\"https:\\\/\\\/www.barttimmers.nl\\\/?page_id=1131#breadcrumb\",\"itemListElement\":[{\"@type\":\"ListItem\",\"position\":1,\"name\":\"Home\",\"item\":\"https:\\\/\\\/www.barttimmers.nl\\\/\"},{\"@type\":\"ListItem\",\"position\":2,\"name\":\"Blog ZorgkaartNederland aug. 2018\"}]},{\"@type\":\"WebSite\",\"@id\":\"https:\\\/\\\/www.barttimmers.nl\\\/#website\",\"url\":\"https:\\\/\\\/www.barttimmers.nl\\\/\",\"name\":\"Muziek en meer\",\"description\":\"Get into the groove.... Bart wil iets delen\",\"potentialAction\":[{\"@type\":\"SearchAction\",\"target\":{\"@type\":\"EntryPoint\",\"urlTemplate\":\"https:\\\/\\\/www.barttimmers.nl\\\/?s={search_term_string}\"},\"query-input\":{\"@type\":\"PropertyValueSpecification\",\"valueRequired\":true,\"valueName\":\"search_term_string\"}}],\"inLanguage\":\"nl-NL\"}]}<\/script>\n<!-- \/ Yoast SEO plugin. -->","yoast_head_json":{"title":"Blog ZorgkaartNederland aug. 2018 - Muziek en meer","robots":{"index":"index","follow":"follow","max-snippet":"max-snippet:-1","max-image-preview":"max-image-preview:large","max-video-preview":"max-video-preview:-1"},"canonical":"https:\/\/www.barttimmers.nl\/?page_id=1131","og_locale":"nl_NL","og_type":"article","og_title":"Blog ZorgkaartNederland aug. 2018 - Muziek en meer","og_description":"https:\/\/www.zorgkaartnederland.nl\/blog\/praktijkaccreditatie-de-koning-te-rijk-of-frustratie &nbsp; Praktijkaccreditatie. De koning te rijk of frustratie? Geplaatst op 14 augustus 2018 door Bart Timmers &#8211; 346 keer bekeken Goed nieuws: 70% van de huisartsenpraktijk heeft het keurmerk van de NHG praktijkaccreditatie. Maar wat houdt het precies in? Praktijkaccreditatie is eigenlijk een soort keuring van de huisartsenpraktijk. Er wordt heel systematisch onderzocht of&hellip;&nbsp;Lees verder &raquo;Blog ZorgkaartNederland aug. 2018","og_url":"https:\/\/www.barttimmers.nl\/?page_id=1131","og_site_name":"Muziek en meer","og_image":[{"url":"https:\/\/www.zorgkaartnederland.nl\/cache\/f\/d\/9\/5\/3\/fd953878865691e1e06d8a1a23d91f371cb0857e.png?v109","type":"","width":"","height":""}],"twitter_card":"summary_large_image","twitter_misc":{"Geschatte leestijd":"2 minuten"},"schema":{"@context":"https:\/\/schema.org","@graph":[{"@type":"WebPage","@id":"https:\/\/www.barttimmers.nl\/?page_id=1131","url":"https:\/\/www.barttimmers.nl\/?page_id=1131","name":"Blog ZorgkaartNederland aug. 2018 - Muziek en meer","isPartOf":{"@id":"https:\/\/www.barttimmers.nl\/#website"},"primaryImageOfPage":{"@id":"https:\/\/www.barttimmers.nl\/?page_id=1131#primaryimage"},"image":{"@id":"https:\/\/www.barttimmers.nl\/?page_id=1131#primaryimage"},"thumbnailUrl":"https:\/\/www.zorgkaartnederland.nl\/cache\/f\/d\/9\/5\/3\/fd953878865691e1e06d8a1a23d91f371cb0857e.png?v109","datePublished":"2018-08-26T07:27:36+00:00","breadcrumb":{"@id":"https:\/\/www.barttimmers.nl\/?page_id=1131#breadcrumb"},"inLanguage":"nl-NL","potentialAction":[{"@type":"ReadAction","target":["https:\/\/www.barttimmers.nl\/?page_id=1131"]}]},{"@type":"ImageObject","inLanguage":"nl-NL","@id":"https:\/\/www.barttimmers.nl\/?page_id=1131#primaryimage","url":"https:\/\/www.zorgkaartnederland.nl\/cache\/f\/d\/9\/5\/3\/fd953878865691e1e06d8a1a23d91f371cb0857e.png?v109","contentUrl":"https:\/\/www.zorgkaartnederland.nl\/cache\/f\/d\/9\/5\/3\/fd953878865691e1e06d8a1a23d91f371cb0857e.png?v109"},{"@type":"BreadcrumbList","@id":"https:\/\/www.barttimmers.nl\/?page_id=1131#breadcrumb","itemListElement":[{"@type":"ListItem","position":1,"name":"Home","item":"https:\/\/www.barttimmers.nl\/"},{"@type":"ListItem","position":2,"name":"Blog ZorgkaartNederland aug. 2018"}]},{"@type":"WebSite","@id":"https:\/\/www.barttimmers.nl\/#website","url":"https:\/\/www.barttimmers.nl\/","name":"Muziek en meer","description":"Get into the groove.... Bart wil iets delen","potentialAction":[{"@type":"SearchAction","target":{"@type":"EntryPoint","urlTemplate":"https:\/\/www.barttimmers.nl\/?s={search_term_string}"},"query-input":{"@type":"PropertyValueSpecification","valueRequired":true,"valueName":"search_term_string"}}],"inLanguage":"nl-NL"}]}},"_links":{"self":[{"href":"https:\/\/www.barttimmers.nl\/index.php?rest_route=\/wp\/v2\/pages\/1131","targetHints":{"allow":["GET"]}}],"collection":[{"href":"https:\/\/www.barttimmers.nl\/index.php?rest_route=\/wp\/v2\/pages"}],"about":[{"href":"https:\/\/www.barttimmers.nl\/index.php?rest_route=\/wp\/v2\/types\/page"}],"author":[{"embeddable":true,"href":"https:\/\/www.barttimmers.nl\/index.php?rest_route=\/wp\/v2\/users\/1"}],"replies":[{"embeddable":true,"href":"https:\/\/www.barttimmers.nl\/index.php?rest_route=%2Fwp%2Fv2%2Fcomments&post=1131"}],"version-history":[{"count":1,"href":"https:\/\/www.barttimmers.nl\/index.php?rest_route=\/wp\/v2\/pages\/1131\/revisions"}],"predecessor-version":[{"id":1133,"href":"https:\/\/www.barttimmers.nl\/index.php?rest_route=\/wp\/v2\/pages\/1131\/revisions\/1133"}],"wp:attachment":[{"href":"https:\/\/www.barttimmers.nl\/index.php?rest_route=%2Fwp%2Fv2%2Fmedia&parent=1131"}],"curies":[{"name":"wp","href":"https:\/\/api.w.org\/{rel}","templated":true}]}}