{"id":1031,"date":"2018-03-13T14:05:31","date_gmt":"2018-03-13T13:05:31","guid":{"rendered":"https:\/\/www.barttimmers.nl\/?page_id=1031"},"modified":"2018-03-17T14:19:09","modified_gmt":"2018-03-17T13:19:09","slug":"jessie-ware-2018","status":"publish","type":"page","link":"https:\/\/www.barttimmers.nl\/?page_id=1031","title":{"rendered":"Jessie Ware, 2018"},"content":{"rendered":"<h1>Jessie Ware, dinsdag 13 maart 2018, Paradiso, Amsterdam<\/h1>\n<p><img loading=\"lazy\" decoding=\"async\" class=\"size-full wp-image-1032 alignleft\" src=\"https:\/\/www.barttimmers.nl\/wp-content\/uploads\/2018\/03\/b09366a2.jpg\" alt=\"\" width=\"300\" height=\"300\" srcset=\"https:\/\/www.barttimmers.nl\/wp-content\/uploads\/2018\/03\/b09366a2.jpg 300w, https:\/\/www.barttimmers.nl\/wp-content\/uploads\/2018\/03\/b09366a2-150x150.jpg 150w\" sizes=\"auto, (max-width: 300px) 100vw, 300px\" \/>Running. Dat was het nummer van Jessie Ware waar ik wel redelijk voor viel. Ik dacht een paar jaar geleden, maar dat blijkt al weer 6 te zijn! Nadien had ze een paar bijna hitjes met Tough love en Wildest moments, maar echt radio-bekend is ze in Nederland nooit echt geworden. Gek eigenlijk, want haar muziek is behoorlijk radio-vriendelijk. En het onthaal in Paradiso bij het publiek was ook heel erg groots, ze weet zeker een bepaalde snaar te raken en was hier in de zaal in ieder geval merkbaar erg populair.<\/p>\n<p>Het optreden zelf was redelijk basic. Jessie met een goede band met dubbele percussie. Sobere belichting, achtergronddia\u2019s met aankondigingen van de verschillende actes, alsof het een opera betrof. Opvallende jurk, maar nog opvallender stem. Want die stem, dat is wel echt waarvoor je naar haar toe gaat. Loepzuiver, vaak heel hoog, krachtig en vooral heerlijk soepel. Ergens tussen soul, pop en elektronische muziek in.<\/p>\n<p>Het was voor mij niet per s\u00e9 h\u00e9t concert van het jaar, maar wel gewoon een goed en zeer genietbaar optreden. Voor wie het wel h\u00e9t concert van het jaar moet zijn geweest, waren de twee dames die halverwege de show elkaar op het podium het ja-woord mochten geven. Da\u2019s toch wel een bijzondere herinnering!<\/p>\n","protected":false},"excerpt":{"rendered":"<p>Jessie Ware, dinsdag 13 maart 2018, Paradiso, Amsterdam Running. Dat was het nummer van Jessie Ware waar ik wel redelijk voor viel. Ik dacht een paar jaar geleden, maar dat blijkt al weer 6 te zijn! Nadien had ze een paar bijna hitjes met Tough love en Wildest moments, maar echt radio-bekend is ze in&hellip;&nbsp;<a href=\"https:\/\/www.barttimmers.nl\/?page_id=1031\" rel=\"bookmark\">Lees verder &raquo;<span class=\"screen-reader-text\">Jessie Ware, 2018<\/span><\/a><\/p>\n","protected":false},"author":1,"featured_media":0,"parent":0,"menu_order":0,"comment_status":"closed","ping_status":"closed","template":"","meta":{"neve_meta_sidebar":"","neve_meta_container":"","neve_meta_enable_content_width":"","neve_meta_content_width":0,"neve_meta_title_alignment":"","neve_meta_author_avatar":"","neve_post_elements_order":"","neve_meta_disable_header":"","neve_meta_disable_footer":"","neve_meta_disable_title":"","_themeisle_gutenberg_block_has_review":false,"footnotes":""},"class_list":["post-1031","page","type-page","status-publish","hentry"],"yoast_head":"<!-- This site is optimized with the Yoast SEO plugin v27.5 - https:\/\/yoast.com\/product\/yoast-seo-wordpress\/ -->\n<title>Jessie Ware, 2018 - Muziek en meer<\/title>\n<meta name=\"robots\" content=\"index, follow, max-snippet:-1, max-image-preview:large, max-video-preview:-1\" \/>\n<link rel=\"canonical\" href=\"https:\/\/www.barttimmers.nl\/?page_id=1031\" \/>\n<meta property=\"og:locale\" content=\"nl_NL\" \/>\n<meta property=\"og:type\" content=\"article\" \/>\n<meta property=\"og:title\" content=\"Jessie Ware, 2018 - Muziek en meer\" \/>\n<meta property=\"og:description\" content=\"Jessie Ware, dinsdag 13 maart 2018, Paradiso, Amsterdam Running. Dat was het nummer van Jessie Ware waar ik wel redelijk voor viel. Ik dacht een paar jaar geleden, maar dat blijkt al weer 6 te zijn! Nadien had ze een paar bijna hitjes met Tough love en Wildest moments, maar echt radio-bekend is ze in&hellip;&nbsp;Lees verder &raquo;Jessie Ware, 2018\" \/>\n<meta property=\"og:url\" content=\"https:\/\/www.barttimmers.nl\/?page_id=1031\" \/>\n<meta property=\"og:site_name\" content=\"Muziek en meer\" \/>\n<meta property=\"article:modified_time\" content=\"2018-03-17T13:19:09+00:00\" \/>\n<meta property=\"og:image\" content=\"https:\/\/www.barttimmers.nl\/wp-content\/uploads\/2018\/03\/b09366a2.jpg\" \/>\n<meta name=\"twitter:card\" content=\"summary_large_image\" \/>\n<meta name=\"twitter:label1\" content=\"Geschatte leestijd\" \/>\n\t<meta name=\"twitter:data1\" content=\"1 minuut\" \/>\n<script type=\"application\/ld+json\" class=\"yoast-schema-graph\">{\"@context\":\"https:\\\/\\\/schema.org\",\"@graph\":[{\"@type\":\"WebPage\",\"@id\":\"https:\\\/\\\/www.barttimmers.nl\\\/?page_id=1031\",\"url\":\"https:\\\/\\\/www.barttimmers.nl\\\/?page_id=1031\",\"name\":\"Jessie Ware, 2018 - Muziek en meer\",\"isPartOf\":{\"@id\":\"https:\\\/\\\/www.barttimmers.nl\\\/#website\"},\"primaryImageOfPage\":{\"@id\":\"https:\\\/\\\/www.barttimmers.nl\\\/?page_id=1031#primaryimage\"},\"image\":{\"@id\":\"https:\\\/\\\/www.barttimmers.nl\\\/?page_id=1031#primaryimage\"},\"thumbnailUrl\":\"https:\\\/\\\/www.barttimmers.nl\\\/wp-content\\\/uploads\\\/2018\\\/03\\\/b09366a2.jpg\",\"datePublished\":\"2018-03-13T13:05:31+00:00\",\"dateModified\":\"2018-03-17T13:19:09+00:00\",\"breadcrumb\":{\"@id\":\"https:\\\/\\\/www.barttimmers.nl\\\/?page_id=1031#breadcrumb\"},\"inLanguage\":\"nl-NL\",\"potentialAction\":[{\"@type\":\"ReadAction\",\"target\":[\"https:\\\/\\\/www.barttimmers.nl\\\/?page_id=1031\"]}]},{\"@type\":\"ImageObject\",\"inLanguage\":\"nl-NL\",\"@id\":\"https:\\\/\\\/www.barttimmers.nl\\\/?page_id=1031#primaryimage\",\"url\":\"https:\\\/\\\/www.barttimmers.nl\\\/wp-content\\\/uploads\\\/2018\\\/03\\\/b09366a2.jpg\",\"contentUrl\":\"https:\\\/\\\/www.barttimmers.nl\\\/wp-content\\\/uploads\\\/2018\\\/03\\\/b09366a2.jpg\",\"width\":300,\"height\":300},{\"@type\":\"BreadcrumbList\",\"@id\":\"https:\\\/\\\/www.barttimmers.nl\\\/?page_id=1031#breadcrumb\",\"itemListElement\":[{\"@type\":\"ListItem\",\"position\":1,\"name\":\"Home\",\"item\":\"https:\\\/\\\/www.barttimmers.nl\\\/\"},{\"@type\":\"ListItem\",\"position\":2,\"name\":\"Jessie Ware, 2018\"}]},{\"@type\":\"WebSite\",\"@id\":\"https:\\\/\\\/www.barttimmers.nl\\\/#website\",\"url\":\"https:\\\/\\\/www.barttimmers.nl\\\/\",\"name\":\"Muziek en meer\",\"description\":\"Get into the groove.... Bart wil iets delen\",\"potentialAction\":[{\"@type\":\"SearchAction\",\"target\":{\"@type\":\"EntryPoint\",\"urlTemplate\":\"https:\\\/\\\/www.barttimmers.nl\\\/?s={search_term_string}\"},\"query-input\":{\"@type\":\"PropertyValueSpecification\",\"valueRequired\":true,\"valueName\":\"search_term_string\"}}],\"inLanguage\":\"nl-NL\"}]}<\/script>\n<!-- \/ Yoast SEO plugin. -->","yoast_head_json":{"title":"Jessie Ware, 2018 - Muziek en meer","robots":{"index":"index","follow":"follow","max-snippet":"max-snippet:-1","max-image-preview":"max-image-preview:large","max-video-preview":"max-video-preview:-1"},"canonical":"https:\/\/www.barttimmers.nl\/?page_id=1031","og_locale":"nl_NL","og_type":"article","og_title":"Jessie Ware, 2018 - Muziek en meer","og_description":"Jessie Ware, dinsdag 13 maart 2018, Paradiso, Amsterdam Running. Dat was het nummer van Jessie Ware waar ik wel redelijk voor viel. Ik dacht een paar jaar geleden, maar dat blijkt al weer 6 te zijn! Nadien had ze een paar bijna hitjes met Tough love en Wildest moments, maar echt radio-bekend is ze in&hellip;&nbsp;Lees verder &raquo;Jessie Ware, 2018","og_url":"https:\/\/www.barttimmers.nl\/?page_id=1031","og_site_name":"Muziek en meer","article_modified_time":"2018-03-17T13:19:09+00:00","og_image":[{"url":"https:\/\/www.barttimmers.nl\/wp-content\/uploads\/2018\/03\/b09366a2.jpg","type":"","width":"","height":""}],"twitter_card":"summary_large_image","twitter_misc":{"Geschatte leestijd":"1 minuut"},"schema":{"@context":"https:\/\/schema.org","@graph":[{"@type":"WebPage","@id":"https:\/\/www.barttimmers.nl\/?page_id=1031","url":"https:\/\/www.barttimmers.nl\/?page_id=1031","name":"Jessie Ware, 2018 - Muziek en meer","isPartOf":{"@id":"https:\/\/www.barttimmers.nl\/#website"},"primaryImageOfPage":{"@id":"https:\/\/www.barttimmers.nl\/?page_id=1031#primaryimage"},"image":{"@id":"https:\/\/www.barttimmers.nl\/?page_id=1031#primaryimage"},"thumbnailUrl":"https:\/\/www.barttimmers.nl\/wp-content\/uploads\/2018\/03\/b09366a2.jpg","datePublished":"2018-03-13T13:05:31+00:00","dateModified":"2018-03-17T13:19:09+00:00","breadcrumb":{"@id":"https:\/\/www.barttimmers.nl\/?page_id=1031#breadcrumb"},"inLanguage":"nl-NL","potentialAction":[{"@type":"ReadAction","target":["https:\/\/www.barttimmers.nl\/?page_id=1031"]}]},{"@type":"ImageObject","inLanguage":"nl-NL","@id":"https:\/\/www.barttimmers.nl\/?page_id=1031#primaryimage","url":"https:\/\/www.barttimmers.nl\/wp-content\/uploads\/2018\/03\/b09366a2.jpg","contentUrl":"https:\/\/www.barttimmers.nl\/wp-content\/uploads\/2018\/03\/b09366a2.jpg","width":300,"height":300},{"@type":"BreadcrumbList","@id":"https:\/\/www.barttimmers.nl\/?page_id=1031#breadcrumb","itemListElement":[{"@type":"ListItem","position":1,"name":"Home","item":"https:\/\/www.barttimmers.nl\/"},{"@type":"ListItem","position":2,"name":"Jessie Ware, 2018"}]},{"@type":"WebSite","@id":"https:\/\/www.barttimmers.nl\/#website","url":"https:\/\/www.barttimmers.nl\/","name":"Muziek en meer","description":"Get into the groove.... Bart wil iets delen","potentialAction":[{"@type":"SearchAction","target":{"@type":"EntryPoint","urlTemplate":"https:\/\/www.barttimmers.nl\/?s={search_term_string}"},"query-input":{"@type":"PropertyValueSpecification","valueRequired":true,"valueName":"search_term_string"}}],"inLanguage":"nl-NL"}]}},"_links":{"self":[{"href":"https:\/\/www.barttimmers.nl\/index.php?rest_route=\/wp\/v2\/pages\/1031","targetHints":{"allow":["GET"]}}],"collection":[{"href":"https:\/\/www.barttimmers.nl\/index.php?rest_route=\/wp\/v2\/pages"}],"about":[{"href":"https:\/\/www.barttimmers.nl\/index.php?rest_route=\/wp\/v2\/types\/page"}],"author":[{"embeddable":true,"href":"https:\/\/www.barttimmers.nl\/index.php?rest_route=\/wp\/v2\/users\/1"}],"replies":[{"embeddable":true,"href":"https:\/\/www.barttimmers.nl\/index.php?rest_route=%2Fwp%2Fv2%2Fcomments&post=1031"}],"version-history":[{"count":2,"href":"https:\/\/www.barttimmers.nl\/index.php?rest_route=\/wp\/v2\/pages\/1031\/revisions"}],"predecessor-version":[{"id":1044,"href":"https:\/\/www.barttimmers.nl\/index.php?rest_route=\/wp\/v2\/pages\/1031\/revisions\/1044"}],"wp:attachment":[{"href":"https:\/\/www.barttimmers.nl\/index.php?rest_route=%2Fwp%2Fv2%2Fmedia&parent=1031"}],"curies":[{"name":"wp","href":"https:\/\/api.w.org\/{rel}","templated":true}]}}